{"id":86,"date":"2024-02-19T19:35:50","date_gmt":"2024-02-19T19:35:50","guid":{"rendered":"https:\/\/www.ibuyphotos.com\/?post_type=product&#038;p=86"},"modified":"2024-02-26T12:54:32","modified_gmt":"2024-02-26T12:54:32","slug":"photo-abandoned-factory-art-009","status":"publish","type":"product","link":"https:\/\/www.ibuyphotos.com\/fr\/art\/photo-art-usine-abandonnee-009","title":{"rendered":"Photo: Art Usine Abandonn\u00e9e 009"},"content":{"rendered":"<div class=\"the-content\"><p>sale d'usine d\u00e9saffect\u00e9e avec graffiti et d\u00e9bris, photo HDR<\/p>\n<\/div>","protected":false},"excerpt":{"rendered":"<p>sale d'usine d\u00e9saffect\u00e9e avec graffiti et d\u00e9bris, photo HDR<\/p>","protected":false},"featured_media":121,"template":"","meta":{"_acf_changed":false},"product_brand":[],"product_cat":[60],"product_tag":[18,83,84,85,86,61,19,21,34,24,87,74,62,48,31,88,76,89,25,64,78,67,90,91,92,30,93,38],"class_list":{"0":"post-86","1":"product","2":"type-product","3":"status-publish","4":"has-post-thumbnail","6":"product_cat-art","7":"product_tag-abandoned","8":"product_tag-air","9":"product_tag-air-duct","10":"product_tag-air-vent","11":"product_tag-airing","12":"product_tag-beam","13":"product_tag-bricks","14":"product_tag-building","15":"product_tag-derelict","16":"product_tag-dilapidated","17":"product_tag-door","18":"product_tag-doorway","19":"product_tag-factory","20":"product_tag-floor","21":"product_tag-graffiti","22":"product_tag-graffitis","23":"product_tag-hdr","24":"product_tag-interior","25":"product_tag-light","26":"product_tag-machines","27":"product_tag-pillar","28":"product_tag-rust","29":"product_tag-spray","30":"product_tag-spray-paintings","31":"product_tag-ventilation","32":"product_tag-wall","33":"product_tag-wheel","34":"product_tag-windows","36":"first","37":"instock","38":"sold-individually","39":"purchasable","40":"product-type-variable","41":"has-default-attributes"},"acf":[],"_links":{"self":[{"href":"https:\/\/www.ibuyphotos.com\/fr\/wp-json\/wp\/v2\/product\/86","targetHints":{"allow":["GET"]}}],"collection":[{"href":"https:\/\/www.ibuyphotos.com\/fr\/wp-json\/wp\/v2\/product"}],"about":[{"href":"https:\/\/www.ibuyphotos.com\/fr\/wp-json\/wp\/v2\/types\/product"}],"wp:featuredmedia":[{"embeddable":true,"href":"https:\/\/www.ibuyphotos.com\/fr\/wp-json\/wp\/v2\/media\/121"}],"wp:attachment":[{"href":"https:\/\/www.ibuyphotos.com\/fr\/wp-json\/wp\/v2\/media?parent=86"}],"wp:term":[{"taxonomy":"product_brand","embeddable":true,"href":"https:\/\/www.ibuyphotos.com\/fr\/wp-json\/wp\/v2\/product_brand?post=86"},{"taxonomy":"product_cat","embeddable":true,"href":"https:\/\/www.ibuyphotos.com\/fr\/wp-json\/wp\/v2\/product_cat?post=86"},{"taxonomy":"product_tag","embeddable":true,"href":"https:\/\/www.ibuyphotos.com\/fr\/wp-json\/wp\/v2\/product_tag?post=86"}],"curies":[{"name":"wp","href":"https:\/\/api.w.org\/{rel}","templated":true}]}}