{"id":859,"date":"2024-02-19T19:44:20","date_gmt":"2024-02-19T19:44:20","guid":{"rendered":"https:\/\/www.ibuyphotos.com\/?post_type=product&#038;p=859"},"modified":"2024-02-26T13:05:32","modified_gmt":"2024-02-26T13:05:32","slug":"photo-bat-in-cave-001","status":"publish","type":"product","link":"https:\/\/www.ibuyphotos.com\/fr\/animaux\/photo-chauve-souris-grotte-001","title":{"rendered":"Photo: Chauve Souris Grotte 001"},"content":{"rendered":"<div class=\"the-content\"><p>chauve souris t\u00eate en bas dans grotte \u00e9clair\u00e9e par lightpainting<\/p>\n<\/div>","protected":false},"excerpt":{"rendered":"<p>chauve souris t\u00eate en bas dans grotte \u00e9clair\u00e9e par lightpainting<\/p>","protected":false},"featured_media":893,"template":"","meta":{"_acf_changed":false},"product_brand":[],"product_cat":[195],"product_tag":[297,298,299,300,25,273,191,181,301],"class_list":{"0":"post-859","1":"product","2":"type-product","3":"status-publish","4":"has-post-thumbnail","6":"product_cat-animals","7":"product_tag-bat","8":"product_tag-cave","9":"product_tag-caves","10":"product_tag-hanging","11":"product_tag-light","12":"product_tag-lightpainting","13":"product_tag-rock","14":"product_tag-rocks","15":"product_tag-underground","17":"first","18":"instock","19":"sold-individually","20":"purchasable","21":"product-type-variable","22":"has-default-attributes"},"acf":[],"_links":{"self":[{"href":"https:\/\/www.ibuyphotos.com\/fr\/wp-json\/wp\/v2\/product\/859","targetHints":{"allow":["GET"]}}],"collection":[{"href":"https:\/\/www.ibuyphotos.com\/fr\/wp-json\/wp\/v2\/product"}],"about":[{"href":"https:\/\/www.ibuyphotos.com\/fr\/wp-json\/wp\/v2\/types\/product"}],"wp:featuredmedia":[{"embeddable":true,"href":"https:\/\/www.ibuyphotos.com\/fr\/wp-json\/wp\/v2\/media\/893"}],"wp:attachment":[{"href":"https:\/\/www.ibuyphotos.com\/fr\/wp-json\/wp\/v2\/media?parent=859"}],"wp:term":[{"taxonomy":"product_brand","embeddable":true,"href":"https:\/\/www.ibuyphotos.com\/fr\/wp-json\/wp\/v2\/product_brand?post=859"},{"taxonomy":"product_cat","embeddable":true,"href":"https:\/\/www.ibuyphotos.com\/fr\/wp-json\/wp\/v2\/product_cat?post=859"},{"taxonomy":"product_tag","embeddable":true,"href":"https:\/\/www.ibuyphotos.com\/fr\/wp-json\/wp\/v2\/product_tag?post=859"}],"curies":[{"name":"wp","href":"https:\/\/api.w.org\/{rel}","templated":true}]}}