{"id":8512,"date":"2024-02-19T22:32:50","date_gmt":"2024-02-19T22:32:50","guid":{"rendered":"https:\/\/www.ibuyphotos.com\/?post_type=product&#038;p=8512"},"modified":"2024-02-26T14:35:44","modified_gmt":"2024-02-26T14:35:44","slug":"photo-windows-7","status":"publish","type":"product","link":"https:\/\/www.ibuyphotos.com\/fr\/urbain\/photo-fenetres-7","title":{"rendered":"Photo: Fen\u00eatres 7"},"content":{"rendered":"<div class=\"the-content\"><p>fen\u00eatre condamn\u00e9e avec t\u00f4le ondul\u00e9e et un pigeon dessus<\/p>\n<\/div>","protected":false},"excerpt":{"rendered":"<p>fen\u00eatre condamn\u00e9e avec t\u00f4le ondul\u00e9e et un pigeon dessus<\/p>","protected":false},"featured_media":8548,"template":"","meta":{"_acf_changed":false},"product_brand":[],"product_cat":[17],"product_tag":[382,32,677,681,701,36,678,37,425,515,67,68,95,38],"class_list":{"0":"post-8512","1":"product","2":"type-product","3":"status-publish","4":"has-post-thumbnail","6":"product_cat-urban","7":"product_tag-bird","8":"product_tag-broken","9":"product_tag-corrugated","10":"product_tag-corrugated-iron","11":"product_tag-frame","12":"product_tag-glass","13":"product_tag-iron","14":"product_tag-metal","15":"product_tag-pigeon","16":"product_tag-plate","17":"product_tag-rust","18":"product_tag-rusty","19":"product_tag-window","20":"product_tag-windows","22":"first","23":"instock","24":"sold-individually","25":"purchasable","26":"product-type-variable","27":"has-default-attributes"},"acf":[],"_links":{"self":[{"href":"https:\/\/www.ibuyphotos.com\/fr\/wp-json\/wp\/v2\/product\/8512","targetHints":{"allow":["GET"]}}],"collection":[{"href":"https:\/\/www.ibuyphotos.com\/fr\/wp-json\/wp\/v2\/product"}],"about":[{"href":"https:\/\/www.ibuyphotos.com\/fr\/wp-json\/wp\/v2\/types\/product"}],"wp:featuredmedia":[{"embeddable":true,"href":"https:\/\/www.ibuyphotos.com\/fr\/wp-json\/wp\/v2\/media\/8548"}],"wp:attachment":[{"href":"https:\/\/www.ibuyphotos.com\/fr\/wp-json\/wp\/v2\/media?parent=8512"}],"wp:term":[{"taxonomy":"product_brand","embeddable":true,"href":"https:\/\/www.ibuyphotos.com\/fr\/wp-json\/wp\/v2\/product_brand?post=8512"},{"taxonomy":"product_cat","embeddable":true,"href":"https:\/\/www.ibuyphotos.com\/fr\/wp-json\/wp\/v2\/product_cat?post=8512"},{"taxonomy":"product_tag","embeddable":true,"href":"https:\/\/www.ibuyphotos.com\/fr\/wp-json\/wp\/v2\/product_tag?post=8512"}],"curies":[{"name":"wp","href":"https:\/\/api.w.org\/{rel}","templated":true}]}}