{"id":8500,"date":"2024-02-19T22:32:21","date_gmt":"2024-02-19T22:32:21","guid":{"rendered":"https:\/\/www.ibuyphotos.com\/?post_type=product&#038;p=8500"},"modified":"2024-02-26T14:35:38","modified_gmt":"2024-02-26T14:35:38","slug":"photo-windows-005","status":"publish","type":"product","link":"https:\/\/www.ibuyphotos.com\/fr\/urbain\/photo-fenetres-005","title":{"rendered":"Photo: Fen\u00eatres 005"},"content":{"rendered":"<div class=\"the-content\"><p>fen\u00eatres cass\u00e9es dans vieille usine abandonn\u00e9e<\/p>\n<\/div>","protected":false},"excerpt":{"rendered":"<p>fen\u00eatres cass\u00e9es dans vieille usine abandonn\u00e9e<\/p>","protected":false},"featured_media":8536,"template":"","meta":{"_acf_changed":false},"product_brand":[],"product_cat":[17],"product_tag":[62,36,67,30,38],"class_list":{"0":"post-8500","1":"product","2":"type-product","3":"status-publish","4":"has-post-thumbnail","6":"product_cat-urban","7":"product_tag-factory","8":"product_tag-glass","9":"product_tag-rust","10":"product_tag-wall","11":"product_tag-windows","13":"first","14":"instock","15":"sold-individually","16":"purchasable","17":"product-type-variable","18":"has-default-attributes"},"acf":[],"_links":{"self":[{"href":"https:\/\/www.ibuyphotos.com\/fr\/wp-json\/wp\/v2\/product\/8500","targetHints":{"allow":["GET"]}}],"collection":[{"href":"https:\/\/www.ibuyphotos.com\/fr\/wp-json\/wp\/v2\/product"}],"about":[{"href":"https:\/\/www.ibuyphotos.com\/fr\/wp-json\/wp\/v2\/types\/product"}],"wp:featuredmedia":[{"embeddable":true,"href":"https:\/\/www.ibuyphotos.com\/fr\/wp-json\/wp\/v2\/media\/8536"}],"wp:attachment":[{"href":"https:\/\/www.ibuyphotos.com\/fr\/wp-json\/wp\/v2\/media?parent=8500"}],"wp:term":[{"taxonomy":"product_brand","embeddable":true,"href":"https:\/\/www.ibuyphotos.com\/fr\/wp-json\/wp\/v2\/product_brand?post=8500"},{"taxonomy":"product_cat","embeddable":true,"href":"https:\/\/www.ibuyphotos.com\/fr\/wp-json\/wp\/v2\/product_cat?post=8500"},{"taxonomy":"product_tag","embeddable":true,"href":"https:\/\/www.ibuyphotos.com\/fr\/wp-json\/wp\/v2\/product_tag?post=8500"}],"curies":[{"name":"wp","href":"https:\/\/api.w.org\/{rel}","templated":true}]}}