{"id":8355,"date":"2024-02-19T22:26:38","date_gmt":"2024-02-19T22:26:38","guid":{"rendered":"https:\/\/www.ibuyphotos.com\/?post_type=product&#038;p=8355"},"modified":"2024-02-26T14:34:13","modified_gmt":"2024-02-26T14:34:13","slug":"photo-wall-004","status":"publish","type":"product","link":"https:\/\/www.ibuyphotos.com\/fr\/urbain\/photo-mur-004","title":{"rendered":"Photo: Mur 004"},"content":{"rendered":"<div class=\"the-content\"><p>mur en b\u00e9ton d\u00e9cr\u00e9pit<\/p>\n<\/div>","protected":false},"excerpt":{"rendered":"<p>mur en b\u00e9ton d\u00e9cr\u00e9pit<\/p>","protected":false},"featured_media":8389,"template":"","meta":{"_acf_changed":false},"product_brand":[],"product_cat":[17],"product_tag":[19,619,77,27,30],"class_list":{"0":"post-8355","1":"product","2":"type-product","3":"status-publish","4":"has-post-thumbnail","6":"product_cat-urban","7":"product_tag-bricks","8":"product_tag-concrete","9":"product_tag-paint","10":"product_tag-ruins","11":"product_tag-wall","13":"first","14":"instock","15":"sold-individually","16":"purchasable","17":"product-type-variable","18":"has-default-attributes"},"acf":[],"_links":{"self":[{"href":"https:\/\/www.ibuyphotos.com\/fr\/wp-json\/wp\/v2\/product\/8355","targetHints":{"allow":["GET"]}}],"collection":[{"href":"https:\/\/www.ibuyphotos.com\/fr\/wp-json\/wp\/v2\/product"}],"about":[{"href":"https:\/\/www.ibuyphotos.com\/fr\/wp-json\/wp\/v2\/types\/product"}],"wp:featuredmedia":[{"embeddable":true,"href":"https:\/\/www.ibuyphotos.com\/fr\/wp-json\/wp\/v2\/media\/8389"}],"wp:attachment":[{"href":"https:\/\/www.ibuyphotos.com\/fr\/wp-json\/wp\/v2\/media?parent=8355"}],"wp:term":[{"taxonomy":"product_brand","embeddable":true,"href":"https:\/\/www.ibuyphotos.com\/fr\/wp-json\/wp\/v2\/product_brand?post=8355"},{"taxonomy":"product_cat","embeddable":true,"href":"https:\/\/www.ibuyphotos.com\/fr\/wp-json\/wp\/v2\/product_cat?post=8355"},{"taxonomy":"product_tag","embeddable":true,"href":"https:\/\/www.ibuyphotos.com\/fr\/wp-json\/wp\/v2\/product_tag?post=8355"}],"curies":[{"name":"wp","href":"https:\/\/api.w.org\/{rel}","templated":true}]}}