{"id":8050,"date":"2024-02-19T22:14:59","date_gmt":"2024-02-19T22:14:59","guid":{"rendered":"https:\/\/www.ibuyphotos.com\/?post_type=product&#038;p=8050"},"modified":"2024-02-26T14:31:12","modified_gmt":"2024-02-26T14:31:12","slug":"photo-trees-026","status":"publish","type":"product","link":"https:\/\/www.ibuyphotos.com\/fr\/nature\/photo-arbres-026","title":{"rendered":"Photo: Arbres 026"},"content":{"rendered":"<div class=\"the-content\"><p>mousse sur \u00e9corce, c\u00e8dre, arbre \u00e0 Yosemite<\/p>\n<\/div>","protected":false},"excerpt":{"rendered":"<p>mousse sur \u00e9corce, c\u00e8dre, arbre \u00e0 Yosemite<\/p>","protected":false},"featured_media":8084,"template":"","meta":{"_acf_changed":false},"product_brand":[],"product_cat":[174],"product_tag":[242,1376,1377,1378,1379,1380,643,803,203,224],"class_list":{"0":"post-8050","1":"product","2":"type-product","3":"status-publish","4":"has-post-thumbnail","6":"product_cat-nature","7":"product_tag-bark","8":"product_tag-calocedrus","9":"product_tag-calocedrus-decurrens","10":"product_tag-cedar","11":"product_tag-incense-cedar","12":"product_tag-libocedrus-decurrens","13":"product_tag-lichen","14":"product_tag-moss","15":"product_tag-tree","16":"product_tag-trunk","18":"first","19":"instock","20":"sold-individually","21":"purchasable","22":"product-type-variable","23":"has-default-attributes"},"acf":[],"_links":{"self":[{"href":"https:\/\/www.ibuyphotos.com\/fr\/wp-json\/wp\/v2\/product\/8050","targetHints":{"allow":["GET"]}}],"collection":[{"href":"https:\/\/www.ibuyphotos.com\/fr\/wp-json\/wp\/v2\/product"}],"about":[{"href":"https:\/\/www.ibuyphotos.com\/fr\/wp-json\/wp\/v2\/types\/product"}],"wp:featuredmedia":[{"embeddable":true,"href":"https:\/\/www.ibuyphotos.com\/fr\/wp-json\/wp\/v2\/media\/8084"}],"wp:attachment":[{"href":"https:\/\/www.ibuyphotos.com\/fr\/wp-json\/wp\/v2\/media?parent=8050"}],"wp:term":[{"taxonomy":"product_brand","embeddable":true,"href":"https:\/\/www.ibuyphotos.com\/fr\/wp-json\/wp\/v2\/product_brand?post=8050"},{"taxonomy":"product_cat","embeddable":true,"href":"https:\/\/www.ibuyphotos.com\/fr\/wp-json\/wp\/v2\/product_cat?post=8050"},{"taxonomy":"product_tag","embeddable":true,"href":"https:\/\/www.ibuyphotos.com\/fr\/wp-json\/wp\/v2\/product_tag?post=8050"}],"curies":[{"name":"wp","href":"https:\/\/api.w.org\/{rel}","templated":true}]}}