{"id":80,"date":"2024-02-19T19:35:46","date_gmt":"2024-02-19T19:35:46","guid":{"rendered":"https:\/\/www.ibuyphotos.com\/?post_type=product&#038;p=80"},"modified":"2024-02-26T12:54:27","modified_gmt":"2024-02-26T12:54:27","slug":"photo-abandoned-factory-art-008","status":"publish","type":"product","link":"https:\/\/www.ibuyphotos.com\/fr\/art\/photo-art-usine-abandonnee-008","title":{"rendered":"Photo: Art Usine Abandonn\u00e9e 008"},"content":{"rendered":"<div class=\"the-content\"><p>int\u00e9rieur d'usine abandonn\u00e9e avec lumi\u00e8re dans encadrement de porte, photo HDR<\/p>\n<\/div>","protected":false},"excerpt":{"rendered":"<p>int\u00e9rieur d'usine abandonn\u00e9e avec lumi\u00e8re dans encadrement de porte, photo HDR<\/p>","protected":false},"featured_media":115,"template":"","meta":{"_acf_changed":false},"product_brand":[],"product_cat":[60],"product_tag":[18,72,61,73,22,23,24,74,62,35,31,75,76,25,37,77,65,78,66,28,67,68,55,29],"class_list":{"0":"post-80","1":"product","2":"type-product","3":"status-publish","4":"has-post-thumbnail","6":"product_cat-art","7":"product_tag-abandoned","8":"product_tag-banister","9":"product_tag-beam","10":"product_tag-colours","11":"product_tag-crumbling","12":"product_tag-damaged","13":"product_tag-dilapidated","14":"product_tag-doorway","15":"product_tag-factory","16":"product_tag-fragments","17":"product_tag-graffiti","18":"product_tag-grid","19":"product_tag-hdr","20":"product_tag-light","21":"product_tag-metal","22":"product_tag-paint","23":"product_tag-peeling","24":"product_tag-pillar","25":"product_tag-pipes","26":"product_tag-run-down","27":"product_tag-rust","28":"product_tag-rusty","29":"product_tag-sunlight","30":"product_tag-urbex","32":"first","33":"instock","34":"sold-individually","35":"purchasable","36":"product-type-variable","37":"has-default-attributes"},"acf":[],"_links":{"self":[{"href":"https:\/\/www.ibuyphotos.com\/fr\/wp-json\/wp\/v2\/product\/80","targetHints":{"allow":["GET"]}}],"collection":[{"href":"https:\/\/www.ibuyphotos.com\/fr\/wp-json\/wp\/v2\/product"}],"about":[{"href":"https:\/\/www.ibuyphotos.com\/fr\/wp-json\/wp\/v2\/types\/product"}],"wp:featuredmedia":[{"embeddable":true,"href":"https:\/\/www.ibuyphotos.com\/fr\/wp-json\/wp\/v2\/media\/115"}],"wp:attachment":[{"href":"https:\/\/www.ibuyphotos.com\/fr\/wp-json\/wp\/v2\/media?parent=80"}],"wp:term":[{"taxonomy":"product_brand","embeddable":true,"href":"https:\/\/www.ibuyphotos.com\/fr\/wp-json\/wp\/v2\/product_brand?post=80"},{"taxonomy":"product_cat","embeddable":true,"href":"https:\/\/www.ibuyphotos.com\/fr\/wp-json\/wp\/v2\/product_cat?post=80"},{"taxonomy":"product_tag","embeddable":true,"href":"https:\/\/www.ibuyphotos.com\/fr\/wp-json\/wp\/v2\/product_tag?post=80"}],"curies":[{"name":"wp","href":"https:\/\/api.w.org\/{rel}","templated":true}]}}