{"id":7800,"date":"2024-02-19T22:06:03","date_gmt":"2024-02-19T22:06:03","guid":{"rendered":"https:\/\/www.ibuyphotos.com\/?post_type=product&#038;p=7800"},"modified":"2024-02-26T14:28:44","modified_gmt":"2024-02-26T14:28:44","slug":"photo-television-002","status":"publish","type":"product","link":"https:\/\/www.ibuyphotos.com\/fr\/objets\/photo-television-002","title":{"rendered":"Photo: T\u00e9l\u00e9vision 002"},"content":{"rendered":"<div class=\"the-content\"><p>t\u00e9l\u00e9vision cass\u00e9e sur le sol<\/p>\n<\/div>","protected":false},"excerpt":{"rendered":"<p>t\u00e9l\u00e9vision cass\u00e9e sur le sol<\/p>","protected":false},"featured_media":7834,"template":"","meta":{"_acf_changed":false},"product_brand":[],"product_cat":[208],"product_tag":[1364,35,1361,1362,107,1363,132,133],"class_list":{"0":"post-7800","1":"product","2":"type-product","3":"status-publish","4":"has-post-thumbnail","6":"product_cat-objects","7":"product_tag-buttons","8":"product_tag-fragments","9":"product_tag-media","10":"product_tag-piece","11":"product_tag-rubble","12":"product_tag-screen","13":"product_tag-television","14":"product_tag-tv","16":"first","17":"instock","18":"sold-individually","19":"purchasable","20":"product-type-variable","21":"has-default-attributes"},"acf":[],"_links":{"self":[{"href":"https:\/\/www.ibuyphotos.com\/fr\/wp-json\/wp\/v2\/product\/7800","targetHints":{"allow":["GET"]}}],"collection":[{"href":"https:\/\/www.ibuyphotos.com\/fr\/wp-json\/wp\/v2\/product"}],"about":[{"href":"https:\/\/www.ibuyphotos.com\/fr\/wp-json\/wp\/v2\/types\/product"}],"wp:featuredmedia":[{"embeddable":true,"href":"https:\/\/www.ibuyphotos.com\/fr\/wp-json\/wp\/v2\/media\/7834"}],"wp:attachment":[{"href":"https:\/\/www.ibuyphotos.com\/fr\/wp-json\/wp\/v2\/media?parent=7800"}],"wp:term":[{"taxonomy":"product_brand","embeddable":true,"href":"https:\/\/www.ibuyphotos.com\/fr\/wp-json\/wp\/v2\/product_brand?post=7800"},{"taxonomy":"product_cat","embeddable":true,"href":"https:\/\/www.ibuyphotos.com\/fr\/wp-json\/wp\/v2\/product_cat?post=7800"},{"taxonomy":"product_tag","embeddable":true,"href":"https:\/\/www.ibuyphotos.com\/fr\/wp-json\/wp\/v2\/product_tag?post=7800"}],"curies":[{"name":"wp","href":"https:\/\/api.w.org\/{rel}","templated":true}]}}