{"id":7613,"date":"2024-02-19T21:59:17","date_gmt":"2024-02-19T21:59:17","guid":{"rendered":"https:\/\/www.ibuyphotos.com\/?post_type=product&#038;p=7613"},"modified":"2024-02-26T14:26:54","modified_gmt":"2024-02-26T14:26:54","slug":"photo-subway-001","status":"publish","type":"product","link":"https:\/\/www.ibuyphotos.com\/fr\/urbain\/photo-subway-001","title":{"rendered":"Photo: Subway 001"},"content":{"rendered":"<div class=\"the-content\"><p>tunnel de m\u00e9tro avec rails et c\u00e2blages et lumi\u00e8res<\/p>\n<\/div>","protected":false},"excerpt":{"rendered":"<p>tunnel de m\u00e9tro avec rails et c\u00e2blages et lumi\u00e8res<\/p>","protected":false},"featured_media":7648,"template":"","meta":{"_acf_changed":false},"product_brand":[],"product_cat":[17],"product_tag":[619,930,608,1192,66,485,1243,1244,769,1246,301],"class_list":{"0":"post-7613","1":"product","2":"type-product","3":"status-publish","4":"has-post-thumbnail","6":"product_cat-urban","7":"product_tag-concrete","8":"product_tag-electrical","9":"product_tag-lights","10":"product_tag-metro","11":"product_tag-pipes","12":"product_tag-rail","13":"product_tag-railroad","14":"product_tag-rails","15":"product_tag-subway","16":"product_tag-tunnel","17":"product_tag-underground","19":"first","20":"instock","21":"sold-individually","22":"purchasable","23":"product-type-variable","24":"has-default-attributes"},"acf":[],"_links":{"self":[{"href":"https:\/\/www.ibuyphotos.com\/fr\/wp-json\/wp\/v2\/product\/7613","targetHints":{"allow":["GET"]}}],"collection":[{"href":"https:\/\/www.ibuyphotos.com\/fr\/wp-json\/wp\/v2\/product"}],"about":[{"href":"https:\/\/www.ibuyphotos.com\/fr\/wp-json\/wp\/v2\/types\/product"}],"wp:featuredmedia":[{"embeddable":true,"href":"https:\/\/www.ibuyphotos.com\/fr\/wp-json\/wp\/v2\/media\/7648"}],"wp:attachment":[{"href":"https:\/\/www.ibuyphotos.com\/fr\/wp-json\/wp\/v2\/media?parent=7613"}],"wp:term":[{"taxonomy":"product_brand","embeddable":true,"href":"https:\/\/www.ibuyphotos.com\/fr\/wp-json\/wp\/v2\/product_brand?post=7613"},{"taxonomy":"product_cat","embeddable":true,"href":"https:\/\/www.ibuyphotos.com\/fr\/wp-json\/wp\/v2\/product_cat?post=7613"},{"taxonomy":"product_tag","embeddable":true,"href":"https:\/\/www.ibuyphotos.com\/fr\/wp-json\/wp\/v2\/product_tag?post=7613"}],"curies":[{"name":"wp","href":"https:\/\/api.w.org\/{rel}","templated":true}]}}