{"id":7583,"date":"2024-02-19T21:58:17","date_gmt":"2024-02-19T21:58:17","guid":{"rendered":"https:\/\/www.ibuyphotos.com\/?post_type=product&#038;p=7583"},"modified":"2024-02-26T14:26:34","modified_gmt":"2024-02-26T14:26:34","slug":"photo-structure-004","status":"publish","type":"product","link":"https:\/\/www.ibuyphotos.com\/fr\/urbain\/photo-structure-004","title":{"rendered":"Photo: Structure 004"},"content":{"rendered":"<div class=\"the-content\"><p>structure en m\u00e9tal avec poutres crois\u00e9es et vitres cass\u00e9es<\/p>\n<\/div>","protected":false},"excerpt":{"rendered":"<p>structure en m\u00e9tal avec poutres crois\u00e9es et vitres cass\u00e9es<\/p>","protected":false},"featured_media":7617,"template":"","meta":{"_acf_changed":false},"product_brand":[],"product_cat":[17],"product_tag":[677,36,31,37,112,67,656,38],"class_list":{"0":"post-7583","1":"product","2":"type-product","3":"status-publish","4":"has-post-thumbnail","6":"product_cat-urban","7":"product_tag-corrugated","8":"product_tag-glass","9":"product_tag-graffiti","10":"product_tag-metal","11":"product_tag-plank","12":"product_tag-rust","13":"product_tag-structure","14":"product_tag-windows","16":"first","17":"instock","18":"sold-individually","19":"purchasable","20":"product-type-variable","21":"has-default-attributes"},"acf":[],"_links":{"self":[{"href":"https:\/\/www.ibuyphotos.com\/fr\/wp-json\/wp\/v2\/product\/7583","targetHints":{"allow":["GET"]}}],"collection":[{"href":"https:\/\/www.ibuyphotos.com\/fr\/wp-json\/wp\/v2\/product"}],"about":[{"href":"https:\/\/www.ibuyphotos.com\/fr\/wp-json\/wp\/v2\/types\/product"}],"wp:featuredmedia":[{"embeddable":true,"href":"https:\/\/www.ibuyphotos.com\/fr\/wp-json\/wp\/v2\/media\/7617"}],"wp:attachment":[{"href":"https:\/\/www.ibuyphotos.com\/fr\/wp-json\/wp\/v2\/media?parent=7583"}],"wp:term":[{"taxonomy":"product_brand","embeddable":true,"href":"https:\/\/www.ibuyphotos.com\/fr\/wp-json\/wp\/v2\/product_brand?post=7583"},{"taxonomy":"product_cat","embeddable":true,"href":"https:\/\/www.ibuyphotos.com\/fr\/wp-json\/wp\/v2\/product_cat?post=7583"},{"taxonomy":"product_tag","embeddable":true,"href":"https:\/\/www.ibuyphotos.com\/fr\/wp-json\/wp\/v2\/product_tag?post=7583"}],"curies":[{"name":"wp","href":"https:\/\/api.w.org\/{rel}","templated":true}]}}