{"id":7561,"date":"2024-02-19T21:57:28","date_gmt":"2024-02-19T21:57:28","guid":{"rendered":"https:\/\/www.ibuyphotos.com\/?post_type=product&#038;p=7561"},"modified":"2024-02-26T14:26:22","modified_gmt":"2024-02-26T14:26:22","slug":"photo-streets-003","status":"publish","type":"product","link":"https:\/\/www.ibuyphotos.com\/fr\/urbain\/photo-rues-2","title":{"rendered":"Photo: Rues 003"},"content":{"rendered":"<div class=\"the-content\"><p>cath\u00e9drale Saint Pierre \u00e0 Gen\u00e8ve en Suisse, monument m\u00e9di\u00e9val<\/p>\n<\/div>","protected":false},"excerpt":{"rendered":"<p>cath\u00e9drale Saint Pierre \u00e0 Gen\u00e8ve en Suisse, monument m\u00e9di\u00e9val<\/p>","protected":false},"featured_media":7596,"template":"","meta":{"_acf_changed":false},"product_brand":[],"product_cat":[17],"product_tag":[960,94,1348,1349,491,663,664,952,577,666,1350,789,1180,186,81],"class_list":{"0":"post-7561","1":"product","2":"type-product","3":"status-publish","4":"has-post-thumbnail","6":"product_cat-urban","7":"product_tag-architecture","8":"product_tag-bw","9":"product_tag-cathedral","10":"product_tag-church","11":"product_tag-city","12":"product_tag-cobbles","13":"product_tag-cobblestones","14":"product_tag-geneva","15":"product_tag-medieval","16":"product_tag-pavement","17":"product_tag-st-pierre-cathedral","18":"product_tag-streetlight","19":"product_tag-streets","20":"product_tag-switzerland","21":"product_tag-walls","23":"first","24":"instock","25":"sold-individually","26":"purchasable","27":"product-type-variable","28":"has-default-attributes"},"acf":[],"_links":{"self":[{"href":"https:\/\/www.ibuyphotos.com\/fr\/wp-json\/wp\/v2\/product\/7561","targetHints":{"allow":["GET"]}}],"collection":[{"href":"https:\/\/www.ibuyphotos.com\/fr\/wp-json\/wp\/v2\/product"}],"about":[{"href":"https:\/\/www.ibuyphotos.com\/fr\/wp-json\/wp\/v2\/types\/product"}],"wp:featuredmedia":[{"embeddable":true,"href":"https:\/\/www.ibuyphotos.com\/fr\/wp-json\/wp\/v2\/media\/7596"}],"wp:attachment":[{"href":"https:\/\/www.ibuyphotos.com\/fr\/wp-json\/wp\/v2\/media?parent=7561"}],"wp:term":[{"taxonomy":"product_brand","embeddable":true,"href":"https:\/\/www.ibuyphotos.com\/fr\/wp-json\/wp\/v2\/product_brand?post=7561"},{"taxonomy":"product_cat","embeddable":true,"href":"https:\/\/www.ibuyphotos.com\/fr\/wp-json\/wp\/v2\/product_cat?post=7561"},{"taxonomy":"product_tag","embeddable":true,"href":"https:\/\/www.ibuyphotos.com\/fr\/wp-json\/wp\/v2\/product_tag?post=7561"}],"curies":[{"name":"wp","href":"https:\/\/api.w.org\/{rel}","templated":true}]}}