{"id":7461,"date":"2024-02-19T21:53:53","date_gmt":"2024-02-19T21:53:53","guid":{"rendered":"https:\/\/www.ibuyphotos.com\/?post_type=product&#038;p=7461"},"modified":"2024-02-26T14:25:26","modified_gmt":"2024-02-26T14:25:26","slug":"photo-stars-002","status":"publish","type":"product","link":"https:\/\/www.ibuyphotos.com\/fr\/nature\/photo-etoiles-002","title":{"rendered":"Photo: Etoiles 002"},"content":{"rendered":"<div class=\"the-content\"><p>ciel \u00e9toil\u00e9 au dessus des sapin, for\u00eat dans la nuit<\/p>\n<\/div>","protected":false},"excerpt":{"rendered":"<p>ciel \u00e9toil\u00e9 au dessus des sapin, for\u00eat dans la nuit<\/p>","protected":false},"featured_media":7496,"template":"","meta":{"_acf_changed":false},"product_brand":[],"product_cat":[174],"product_tag":[104,339,187,121,109,1341,1342,110],"class_list":{"0":"post-7461","1":"product","2":"type-product","3":"status-publish","4":"has-post-thumbnail","6":"product_cat-nature","7":"product_tag-clouds","8":"product_tag-fir","9":"product_tag-night","10":"product_tag-silhouette","11":"product_tag-sky","12":"product_tag-star","13":"product_tag-stars","14":"product_tag-trees","16":"first","17":"instock","18":"sold-individually","19":"purchasable","20":"product-type-variable","21":"has-default-attributes"},"acf":[],"_links":{"self":[{"href":"https:\/\/www.ibuyphotos.com\/fr\/wp-json\/wp\/v2\/product\/7461","targetHints":{"allow":["GET"]}}],"collection":[{"href":"https:\/\/www.ibuyphotos.com\/fr\/wp-json\/wp\/v2\/product"}],"about":[{"href":"https:\/\/www.ibuyphotos.com\/fr\/wp-json\/wp\/v2\/types\/product"}],"wp:featuredmedia":[{"embeddable":true,"href":"https:\/\/www.ibuyphotos.com\/fr\/wp-json\/wp\/v2\/media\/7496"}],"wp:attachment":[{"href":"https:\/\/www.ibuyphotos.com\/fr\/wp-json\/wp\/v2\/media?parent=7461"}],"wp:term":[{"taxonomy":"product_brand","embeddable":true,"href":"https:\/\/www.ibuyphotos.com\/fr\/wp-json\/wp\/v2\/product_brand?post=7461"},{"taxonomy":"product_cat","embeddable":true,"href":"https:\/\/www.ibuyphotos.com\/fr\/wp-json\/wp\/v2\/product_cat?post=7461"},{"taxonomy":"product_tag","embeddable":true,"href":"https:\/\/www.ibuyphotos.com\/fr\/wp-json\/wp\/v2\/product_tag?post=7461"}],"curies":[{"name":"wp","href":"https:\/\/api.w.org\/{rel}","templated":true}]}}