{"id":7443,"date":"2024-02-19T21:53:17","date_gmt":"2024-02-19T21:53:17","guid":{"rendered":"https:\/\/www.ibuyphotos.com\/?post_type=product&#038;p=7443"},"modified":"2024-02-26T14:25:15","modified_gmt":"2024-02-26T14:25:15","slug":"photo-stairs-art-009","status":"publish","type":"product","link":"https:\/\/www.ibuyphotos.com\/fr\/art\/photo-art-escaliers-009","title":{"rendered":"Photo: Art Escaliers 009"},"content":{"rendered":"<div class=\"the-content\"><p>escaliers rouill\u00e9s avec graffiti dans b\u00e2timent abandonn\u00e9, light painting<\/p>\n<\/div>","protected":false},"excerpt":{"rendered":"<p>escaliers rouill\u00e9s avec graffiti dans b\u00e2timent abandonn\u00e9, light painting<\/p>","protected":false},"featured_media":7478,"template":"","meta":{"_acf_changed":false},"product_brand":[],"product_cat":[60],"product_tag":[18,19,21,34,1339,62,31,25,273,740,39,67,98,1340,30],"class_list":{"0":"post-7443","1":"product","2":"type-product","3":"status-publish","4":"has-post-thumbnail","6":"product_cat-art","7":"product_tag-abandoned","8":"product_tag-bricks","9":"product_tag-building","10":"product_tag-derelict","11":"product_tag-disused","12":"product_tag-factory","13":"product_tag-graffiti","14":"product_tag-light","15":"product_tag-lightpainting","16":"product_tag-low-angle","17":"product_tag-perspective","18":"product_tag-rust","19":"product_tag-stairs","20":"product_tag-tilt-up","21":"product_tag-wall","23":"first","24":"instock","25":"sold-individually","26":"purchasable","27":"product-type-variable","28":"has-default-attributes"},"acf":[],"_links":{"self":[{"href":"https:\/\/www.ibuyphotos.com\/fr\/wp-json\/wp\/v2\/product\/7443","targetHints":{"allow":["GET"]}}],"collection":[{"href":"https:\/\/www.ibuyphotos.com\/fr\/wp-json\/wp\/v2\/product"}],"about":[{"href":"https:\/\/www.ibuyphotos.com\/fr\/wp-json\/wp\/v2\/types\/product"}],"wp:featuredmedia":[{"embeddable":true,"href":"https:\/\/www.ibuyphotos.com\/fr\/wp-json\/wp\/v2\/media\/7478"}],"wp:attachment":[{"href":"https:\/\/www.ibuyphotos.com\/fr\/wp-json\/wp\/v2\/media?parent=7443"}],"wp:term":[{"taxonomy":"product_brand","embeddable":true,"href":"https:\/\/www.ibuyphotos.com\/fr\/wp-json\/wp\/v2\/product_brand?post=7443"},{"taxonomy":"product_cat","embeddable":true,"href":"https:\/\/www.ibuyphotos.com\/fr\/wp-json\/wp\/v2\/product_cat?post=7443"},{"taxonomy":"product_tag","embeddable":true,"href":"https:\/\/www.ibuyphotos.com\/fr\/wp-json\/wp\/v2\/product_tag?post=7443"}],"curies":[{"name":"wp","href":"https:\/\/api.w.org\/{rel}","templated":true}]}}