{"id":7437,"date":"2024-02-19T21:53:05","date_gmt":"2024-02-19T21:53:05","guid":{"rendered":"https:\/\/www.ibuyphotos.com\/?post_type=product&#038;p=7437"},"modified":"2024-02-26T14:25:12","modified_gmt":"2024-02-26T14:25:12","slug":"photo-stairs-art-008","status":"publish","type":"product","link":"https:\/\/www.ibuyphotos.com\/fr\/art\/photo-art-escaliers-008","title":{"rendered":"Photo: Art Escaliers 008"},"content":{"rendered":"<div class=\"the-content\"><p>escaliers rouill\u00e9s dans usine d\u00e9saffect\u00e9e<\/p>\n<\/div>","protected":false},"excerpt":{"rendered":"<p>escaliers rouill\u00e9s dans usine d\u00e9saffect\u00e9e<\/p>","protected":false},"featured_media":7471,"template":"","meta":{"_acf_changed":false},"product_brand":[],"product_cat":[60],"product_tag":[18,72,61,73,22,23,24,74,62,35,31,75,25,63,37,77,65,1338,78,28,67,68,55],"class_list":{"0":"post-7437","1":"product","2":"type-product","3":"status-publish","4":"has-post-thumbnail","6":"product_cat-art","7":"product_tag-abandoned","8":"product_tag-banister","9":"product_tag-beam","10":"product_tag-colours","11":"product_tag-crumbling","12":"product_tag-damaged","13":"product_tag-dilapidated","14":"product_tag-doorway","15":"product_tag-factory","16":"product_tag-fragments","17":"product_tag-graffiti","18":"product_tag-grid","19":"product_tag-light","20":"product_tag-light-painting","21":"product_tag-metal","22":"product_tag-paint","23":"product_tag-peeling","24":"product_tag-perpective","25":"product_tag-pillar","26":"product_tag-run-down","27":"product_tag-rust","28":"product_tag-rusty","29":"product_tag-sunlight","31":"first","32":"instock","33":"sold-individually","34":"purchasable","35":"product-type-variable","36":"has-default-attributes"},"acf":[],"_links":{"self":[{"href":"https:\/\/www.ibuyphotos.com\/fr\/wp-json\/wp\/v2\/product\/7437","targetHints":{"allow":["GET"]}}],"collection":[{"href":"https:\/\/www.ibuyphotos.com\/fr\/wp-json\/wp\/v2\/product"}],"about":[{"href":"https:\/\/www.ibuyphotos.com\/fr\/wp-json\/wp\/v2\/types\/product"}],"wp:featuredmedia":[{"embeddable":true,"href":"https:\/\/www.ibuyphotos.com\/fr\/wp-json\/wp\/v2\/media\/7471"}],"wp:attachment":[{"href":"https:\/\/www.ibuyphotos.com\/fr\/wp-json\/wp\/v2\/media?parent=7437"}],"wp:term":[{"taxonomy":"product_brand","embeddable":true,"href":"https:\/\/www.ibuyphotos.com\/fr\/wp-json\/wp\/v2\/product_brand?post=7437"},{"taxonomy":"product_cat","embeddable":true,"href":"https:\/\/www.ibuyphotos.com\/fr\/wp-json\/wp\/v2\/product_cat?post=7437"},{"taxonomy":"product_tag","embeddable":true,"href":"https:\/\/www.ibuyphotos.com\/fr\/wp-json\/wp\/v2\/product_tag?post=7437"}],"curies":[{"name":"wp","href":"https:\/\/api.w.org\/{rel}","templated":true}]}}