{"id":7401,"date":"2024-02-19T21:51:54","date_gmt":"2024-02-19T21:51:54","guid":{"rendered":"https:\/\/www.ibuyphotos.com\/?post_type=product&#038;p=7401"},"modified":"2024-02-26T14:24:51","modified_gmt":"2024-02-26T14:24:51","slug":"photo-stairs-art-002","status":"publish","type":"product","link":"https:\/\/www.ibuyphotos.com\/fr\/art\/photo-art-escaliers-002","title":{"rendered":"Photo: Art Escaliers 002"},"content":{"rendered":"<div class=\"the-content\"><p>mise en lumi\u00e8re pour \u00e9clairer escaliers dans asile abandonn\u00e9<\/p>\n<\/div>","protected":false},"excerpt":{"rendered":"<p>mise en lumi\u00e8re pour \u00e9clairer escaliers dans asile abandonn\u00e9<\/p>","protected":false},"featured_media":7435,"template":"","meta":{"_acf_changed":false},"product_brand":[],"product_cat":[60],"product_tag":[18,72,22,24,146,25,77,27,28,98,99,30,38],"class_list":{"0":"post-7401","1":"product","2":"type-product","3":"status-publish","4":"has-post-thumbnail","6":"product_cat-art","7":"product_tag-abandoned","8":"product_tag-banister","9":"product_tag-crumbling","10":"product_tag-dilapidated","11":"product_tag-dust","12":"product_tag-light","13":"product_tag-paint","14":"product_tag-ruins","15":"product_tag-run-down","16":"product_tag-stairs","17":"product_tag-steps","18":"product_tag-wall","19":"product_tag-windows","21":"first","22":"instock","23":"sold-individually","24":"purchasable","25":"product-type-variable","26":"has-default-attributes"},"acf":[],"_links":{"self":[{"href":"https:\/\/www.ibuyphotos.com\/fr\/wp-json\/wp\/v2\/product\/7401","targetHints":{"allow":["GET"]}}],"collection":[{"href":"https:\/\/www.ibuyphotos.com\/fr\/wp-json\/wp\/v2\/product"}],"about":[{"href":"https:\/\/www.ibuyphotos.com\/fr\/wp-json\/wp\/v2\/types\/product"}],"wp:featuredmedia":[{"embeddable":true,"href":"https:\/\/www.ibuyphotos.com\/fr\/wp-json\/wp\/v2\/media\/7435"}],"wp:attachment":[{"href":"https:\/\/www.ibuyphotos.com\/fr\/wp-json\/wp\/v2\/media?parent=7401"}],"wp:term":[{"taxonomy":"product_brand","embeddable":true,"href":"https:\/\/www.ibuyphotos.com\/fr\/wp-json\/wp\/v2\/product_brand?post=7401"},{"taxonomy":"product_cat","embeddable":true,"href":"https:\/\/www.ibuyphotos.com\/fr\/wp-json\/wp\/v2\/product_cat?post=7401"},{"taxonomy":"product_tag","embeddable":true,"href":"https:\/\/www.ibuyphotos.com\/fr\/wp-json\/wp\/v2\/product_tag?post=7401"}],"curies":[{"name":"wp","href":"https:\/\/api.w.org\/{rel}","templated":true}]}}