{"id":7395,"date":"2024-02-19T21:51:42","date_gmt":"2024-02-19T21:51:42","guid":{"rendered":"https:\/\/www.ibuyphotos.com\/?post_type=product&#038;p=7395"},"modified":"2024-02-26T14:24:47","modified_gmt":"2024-02-26T14:24:47","slug":"photo-stairs-art-001","status":"publish","type":"product","link":"https:\/\/www.ibuyphotos.com\/fr\/art\/photo-art-escaliers-001","title":{"rendered":"Photo: Art Escaliers 001"},"content":{"rendered":"<div class=\"the-content\"><p>vieux escaliers lugubres dans un asile abandonn\u00e9, lumi\u00e8re venant des fen\u00eatres<\/p>\n<\/div>","protected":false},"excerpt":{"rendered":"<p>vieux escaliers lugubres dans un asile abandonn\u00e9, lumi\u00e8re venant des fen\u00eatres<\/p>","protected":false},"featured_media":7429,"template":"","meta":{"_acf_changed":false},"product_brand":[],"product_cat":[60],"product_tag":[210,94,72,43,23,146,25,77,27,98,99,30,38],"class_list":{"0":"post-7395","1":"product","2":"type-product","3":"status-publish","4":"has-post-thumbnail","6":"product_cat-art","7":"product_tag-ashes","8":"product_tag-bw","9":"product_tag-banister","10":"product_tag-ceiling","11":"product_tag-damaged","12":"product_tag-dust","13":"product_tag-light","14":"product_tag-paint","15":"product_tag-ruins","16":"product_tag-stairs","17":"product_tag-steps","18":"product_tag-wall","19":"product_tag-windows","21":"first","22":"instock","23":"sold-individually","24":"purchasable","25":"product-type-variable","26":"has-default-attributes"},"acf":[],"_links":{"self":[{"href":"https:\/\/www.ibuyphotos.com\/fr\/wp-json\/wp\/v2\/product\/7395","targetHints":{"allow":["GET"]}}],"collection":[{"href":"https:\/\/www.ibuyphotos.com\/fr\/wp-json\/wp\/v2\/product"}],"about":[{"href":"https:\/\/www.ibuyphotos.com\/fr\/wp-json\/wp\/v2\/types\/product"}],"wp:featuredmedia":[{"embeddable":true,"href":"https:\/\/www.ibuyphotos.com\/fr\/wp-json\/wp\/v2\/media\/7429"}],"wp:attachment":[{"href":"https:\/\/www.ibuyphotos.com\/fr\/wp-json\/wp\/v2\/media?parent=7395"}],"wp:term":[{"taxonomy":"product_brand","embeddable":true,"href":"https:\/\/www.ibuyphotos.com\/fr\/wp-json\/wp\/v2\/product_brand?post=7395"},{"taxonomy":"product_cat","embeddable":true,"href":"https:\/\/www.ibuyphotos.com\/fr\/wp-json\/wp\/v2\/product_cat?post=7395"},{"taxonomy":"product_tag","embeddable":true,"href":"https:\/\/www.ibuyphotos.com\/fr\/wp-json\/wp\/v2\/product_tag?post=7395"}],"curies":[{"name":"wp","href":"https:\/\/api.w.org\/{rel}","templated":true}]}}