{"id":7359,"date":"2024-02-19T21:50:37","date_gmt":"2024-02-19T21:50:37","guid":{"rendered":"https:\/\/www.ibuyphotos.com\/?post_type=product&#038;p=7359"},"modified":"2024-02-26T14:24:24","modified_gmt":"2024-02-26T14:24:24","slug":"photo-stairs-008","status":"publish","type":"product","link":"https:\/\/www.ibuyphotos.com\/fr\/urbain\/photo-escaliers-008","title":{"rendered":"Photo: Escaliers 008"},"content":{"rendered":"<div class=\"the-content\"><p>marches cass\u00e9es dans vieil escalier dans b\u00e2timent abandonn\u00e9<\/p>\n<\/div>","protected":false},"excerpt":{"rendered":"<p>marches cass\u00e9es dans vieil escalier dans b\u00e2timent abandonn\u00e9<\/p>","protected":false},"featured_media":7393,"template":"","meta":{"_acf_changed":false},"product_brand":[],"product_cat":[17],"product_tag":[18,72,211,22,23,24,87,105,25,50,77,65,39,27,28,98,99,55,29,30,38],"class_list":{"0":"post-7359","1":"product","2":"type-product","3":"status-publish","4":"has-post-thumbnail","6":"product_cat-urban","7":"product_tag-abandoned","8":"product_tag-banister","9":"product_tag-burnt","10":"product_tag-crumbling","11":"product_tag-damaged","12":"product_tag-dilapidated","13":"product_tag-door","14":"product_tag-house","15":"product_tag-light","16":"product_tag-old","17":"product_tag-paint","18":"product_tag-peeling","19":"product_tag-perspective","20":"product_tag-ruins","21":"product_tag-run-down","22":"product_tag-stairs","23":"product_tag-steps","24":"product_tag-sunlight","25":"product_tag-urbex","26":"product_tag-wall","27":"product_tag-windows","29":"first","30":"instock","31":"sold-individually","32":"purchasable","33":"product-type-variable","34":"has-default-attributes"},"acf":[],"_links":{"self":[{"href":"https:\/\/www.ibuyphotos.com\/fr\/wp-json\/wp\/v2\/product\/7359","targetHints":{"allow":["GET"]}}],"collection":[{"href":"https:\/\/www.ibuyphotos.com\/fr\/wp-json\/wp\/v2\/product"}],"about":[{"href":"https:\/\/www.ibuyphotos.com\/fr\/wp-json\/wp\/v2\/types\/product"}],"wp:featuredmedia":[{"embeddable":true,"href":"https:\/\/www.ibuyphotos.com\/fr\/wp-json\/wp\/v2\/media\/7393"}],"wp:attachment":[{"href":"https:\/\/www.ibuyphotos.com\/fr\/wp-json\/wp\/v2\/media?parent=7359"}],"wp:term":[{"taxonomy":"product_brand","embeddable":true,"href":"https:\/\/www.ibuyphotos.com\/fr\/wp-json\/wp\/v2\/product_brand?post=7359"},{"taxonomy":"product_cat","embeddable":true,"href":"https:\/\/www.ibuyphotos.com\/fr\/wp-json\/wp\/v2\/product_cat?post=7359"},{"taxonomy":"product_tag","embeddable":true,"href":"https:\/\/www.ibuyphotos.com\/fr\/wp-json\/wp\/v2\/product_tag?post=7359"}],"curies":[{"name":"wp","href":"https:\/\/api.w.org\/{rel}","templated":true}]}}