{"id":7282,"date":"2024-02-19T21:48:16","date_gmt":"2024-02-19T21:48:16","guid":{"rendered":"https:\/\/www.ibuyphotos.com\/?post_type=product&#038;p=7282"},"modified":"2024-02-26T14:23:39","modified_gmt":"2024-02-26T14:23:39","slug":"photo-squirrel-035","status":"publish","type":"product","link":"https:\/\/www.ibuyphotos.com\/fr\/animaux\/photo-ecureuil-035","title":{"rendered":"Photo: Ecureuil 035"},"content":{"rendered":"<div class=\"the-content\"><p>\u00e9cureuil se l\u00e9che les doigts apr\u00e8s avoir mang\u00e9 sur un banc en bois<\/p>\n<\/div>","protected":false},"excerpt":{"rendered":"<p>\u00e9cureuil se l\u00e9che les doigts apr\u00e8s avoir mang\u00e9 sur un banc en bois<\/p>","protected":false},"featured_media":7316,"template":"","meta":{"_acf_changed":false},"product_brand":[],"product_cat":[195],"product_tag":[366,200,508,598,124,96],"class_list":{"0":"post-7282","1":"product","2":"type-product","3":"status-publish","4":"has-post-thumbnail","6":"product_cat-animals","7":"product_tag-bench","8":"product_tag-eating","9":"product_tag-food","10":"product_tag-squirrel","11":"product_tag-wood","12":"product_tag-wooden","14":"first","15":"instock","16":"sold-individually","17":"purchasable","18":"product-type-variable","19":"has-default-attributes"},"acf":[],"_links":{"self":[{"href":"https:\/\/www.ibuyphotos.com\/fr\/wp-json\/wp\/v2\/product\/7282","targetHints":{"allow":["GET"]}}],"collection":[{"href":"https:\/\/www.ibuyphotos.com\/fr\/wp-json\/wp\/v2\/product"}],"about":[{"href":"https:\/\/www.ibuyphotos.com\/fr\/wp-json\/wp\/v2\/types\/product"}],"wp:featuredmedia":[{"embeddable":true,"href":"https:\/\/www.ibuyphotos.com\/fr\/wp-json\/wp\/v2\/media\/7316"}],"wp:attachment":[{"href":"https:\/\/www.ibuyphotos.com\/fr\/wp-json\/wp\/v2\/media?parent=7282"}],"wp:term":[{"taxonomy":"product_brand","embeddable":true,"href":"https:\/\/www.ibuyphotos.com\/fr\/wp-json\/wp\/v2\/product_brand?post=7282"},{"taxonomy":"product_cat","embeddable":true,"href":"https:\/\/www.ibuyphotos.com\/fr\/wp-json\/wp\/v2\/product_cat?post=7282"},{"taxonomy":"product_tag","embeddable":true,"href":"https:\/\/www.ibuyphotos.com\/fr\/wp-json\/wp\/v2\/product_tag?post=7282"}],"curies":[{"name":"wp","href":"https:\/\/api.w.org\/{rel}","templated":true}]}}