{"id":7187,"date":"2024-02-19T21:45:23","date_gmt":"2024-02-19T21:45:23","guid":{"rendered":"https:\/\/www.ibuyphotos.com\/?post_type=product&#038;p=7187"},"modified":"2024-02-26T14:22:43","modified_gmt":"2024-02-26T14:22:43","slug":"photo-squirrel-019","status":"publish","type":"product","link":"https:\/\/www.ibuyphotos.com\/fr\/animaux\/photo-ecureuil-019","title":{"rendered":"Photo: Ecureuil 019"},"content":{"rendered":"<div class=\"the-content\"><p>\u00e9cureuil se tient \u00e0 une branche dans arbre, vue contre plong\u00e9e<\/p>\n<\/div>","protected":false},"excerpt":{"rendered":"<p>\u00e9cureuil se tient \u00e0 une branche dans arbre, vue contre plong\u00e9e<\/p>","protected":false},"featured_media":7221,"template":"","meta":{"_acf_changed":false},"product_brand":[],"product_cat":[195],"product_tag":[242,102,320,223,644,1326,109,598,203],"class_list":{"0":"post-7187","1":"product","2":"type-product","3":"status-publish","4":"has-post-thumbnail","6":"product_cat-animals","7":"product_tag-bark","8":"product_tag-branches","9":"product_tag-fur","10":"product_tag-leaves","11":"product_tag-rodent","12":"product_tag-sciuridae","13":"product_tag-sky","14":"product_tag-squirrel","15":"product_tag-tree","17":"first","18":"instock","19":"sold-individually","20":"purchasable","21":"product-type-variable","22":"has-default-attributes"},"acf":[],"_links":{"self":[{"href":"https:\/\/www.ibuyphotos.com\/fr\/wp-json\/wp\/v2\/product\/7187","targetHints":{"allow":["GET"]}}],"collection":[{"href":"https:\/\/www.ibuyphotos.com\/fr\/wp-json\/wp\/v2\/product"}],"about":[{"href":"https:\/\/www.ibuyphotos.com\/fr\/wp-json\/wp\/v2\/types\/product"}],"wp:featuredmedia":[{"embeddable":true,"href":"https:\/\/www.ibuyphotos.com\/fr\/wp-json\/wp\/v2\/media\/7221"}],"wp:attachment":[{"href":"https:\/\/www.ibuyphotos.com\/fr\/wp-json\/wp\/v2\/media?parent=7187"}],"wp:term":[{"taxonomy":"product_brand","embeddable":true,"href":"https:\/\/www.ibuyphotos.com\/fr\/wp-json\/wp\/v2\/product_brand?post=7187"},{"taxonomy":"product_cat","embeddable":true,"href":"https:\/\/www.ibuyphotos.com\/fr\/wp-json\/wp\/v2\/product_cat?post=7187"},{"taxonomy":"product_tag","embeddable":true,"href":"https:\/\/www.ibuyphotos.com\/fr\/wp-json\/wp\/v2\/product_tag?post=7187"}],"curies":[{"name":"wp","href":"https:\/\/api.w.org\/{rel}","templated":true}]}}