{"id":7175,"date":"2024-02-19T21:44:59","date_gmt":"2024-02-19T21:44:59","guid":{"rendered":"https:\/\/www.ibuyphotos.com\/?post_type=product&#038;p=7175"},"modified":"2024-02-26T14:22:36","modified_gmt":"2024-02-26T14:22:36","slug":"photo-squirrel-017","status":"publish","type":"product","link":"https:\/\/www.ibuyphotos.com\/fr\/animaux\/photo-ecureuil-017","title":{"rendered":"Photo: Ecureuil 017"},"content":{"rendered":"<div class=\"the-content\"><p>portrait d'\u00e9cureuil agripp\u00e9 \u00e0 une branche d'arbre<\/p>\n<\/div>","protected":false},"excerpt":{"rendered":"<p>portrait d'\u00e9cureuil agripp\u00e9 \u00e0 une branche d'arbre<\/p>","protected":false},"featured_media":7209,"template":"","meta":{"_acf_changed":false},"product_brand":[],"product_cat":[195],"product_tag":[102,987,541,320,638,639,644,1326,598,203,224],"class_list":{"0":"post-7175","1":"product","2":"type-product","3":"status-publish","4":"has-post-thumbnail","6":"product_cat-animals","7":"product_tag-branches","8":"product_tag-claws","9":"product_tag-close-up","10":"product_tag-fur","11":"product_tag-hands","12":"product_tag-hooks","13":"product_tag-rodent","14":"product_tag-sciuridae","15":"product_tag-squirrel","16":"product_tag-tree","17":"product_tag-trunk","19":"first","20":"instock","21":"sold-individually","22":"purchasable","23":"product-type-variable","24":"has-default-attributes"},"acf":[],"_links":{"self":[{"href":"https:\/\/www.ibuyphotos.com\/fr\/wp-json\/wp\/v2\/product\/7175","targetHints":{"allow":["GET"]}}],"collection":[{"href":"https:\/\/www.ibuyphotos.com\/fr\/wp-json\/wp\/v2\/product"}],"about":[{"href":"https:\/\/www.ibuyphotos.com\/fr\/wp-json\/wp\/v2\/types\/product"}],"wp:featuredmedia":[{"embeddable":true,"href":"https:\/\/www.ibuyphotos.com\/fr\/wp-json\/wp\/v2\/media\/7209"}],"wp:attachment":[{"href":"https:\/\/www.ibuyphotos.com\/fr\/wp-json\/wp\/v2\/media?parent=7175"}],"wp:term":[{"taxonomy":"product_brand","embeddable":true,"href":"https:\/\/www.ibuyphotos.com\/fr\/wp-json\/wp\/v2\/product_brand?post=7175"},{"taxonomy":"product_cat","embeddable":true,"href":"https:\/\/www.ibuyphotos.com\/fr\/wp-json\/wp\/v2\/product_cat?post=7175"},{"taxonomy":"product_tag","embeddable":true,"href":"https:\/\/www.ibuyphotos.com\/fr\/wp-json\/wp\/v2\/product_tag?post=7175"}],"curies":[{"name":"wp","href":"https:\/\/api.w.org\/{rel}","templated":true}]}}