{"id":7085,"date":"2024-02-19T21:42:27","date_gmt":"2024-02-19T21:42:27","guid":{"rendered":"https:\/\/www.ibuyphotos.com\/?post_type=product&#038;p=7085"},"modified":"2024-02-26T14:21:41","modified_gmt":"2024-02-26T14:21:41","slug":"photo-squirrel-002","status":"publish","type":"product","link":"https:\/\/www.ibuyphotos.com\/fr\/animaux\/photo-ecureuil-002","title":{"rendered":"Photo: Ecureuil 002"},"content":{"rendered":"<div class=\"the-content\"><p>b\u00e9b\u00e9 \u00e9cureuil mange une pomme de pin<\/p>\n<\/div>","protected":false},"excerpt":{"rendered":"<p>b\u00e9b\u00e9 \u00e9cureuil mange une pomme de pin<\/p>","protected":false},"featured_media":7120,"template":"","meta":{"_acf_changed":false},"product_brand":[],"product_cat":[195],"product_tag":[325,318,200,222,673,644,1326,598,199],"class_list":{"0":"post-7085","1":"product","2":"type-product","3":"status-publish","4":"has-post-thumbnail","6":"product_cat-animals","7":"product_tag-baby","8":"product_tag-cub","9":"product_tag-eating","10":"product_tag-forest","11":"product_tag-pine-cone","12":"product_tag-rodent","13":"product_tag-sciuridae","14":"product_tag-squirrel","15":"product_tag-wildlife","17":"first","18":"instock","19":"sold-individually","20":"purchasable","21":"product-type-variable","22":"has-default-attributes"},"acf":[],"_links":{"self":[{"href":"https:\/\/www.ibuyphotos.com\/fr\/wp-json\/wp\/v2\/product\/7085","targetHints":{"allow":["GET"]}}],"collection":[{"href":"https:\/\/www.ibuyphotos.com\/fr\/wp-json\/wp\/v2\/product"}],"about":[{"href":"https:\/\/www.ibuyphotos.com\/fr\/wp-json\/wp\/v2\/types\/product"}],"wp:featuredmedia":[{"embeddable":true,"href":"https:\/\/www.ibuyphotos.com\/fr\/wp-json\/wp\/v2\/media\/7120"}],"wp:attachment":[{"href":"https:\/\/www.ibuyphotos.com\/fr\/wp-json\/wp\/v2\/media?parent=7085"}],"wp:term":[{"taxonomy":"product_brand","embeddable":true,"href":"https:\/\/www.ibuyphotos.com\/fr\/wp-json\/wp\/v2\/product_brand?post=7085"},{"taxonomy":"product_cat","embeddable":true,"href":"https:\/\/www.ibuyphotos.com\/fr\/wp-json\/wp\/v2\/product_cat?post=7085"},{"taxonomy":"product_tag","embeddable":true,"href":"https:\/\/www.ibuyphotos.com\/fr\/wp-json\/wp\/v2\/product_tag?post=7085"}],"curies":[{"name":"wp","href":"https:\/\/api.w.org\/{rel}","templated":true}]}}