{"id":7000,"date":"2024-02-19T21:39:53","date_gmt":"2024-02-19T21:39:53","guid":{"rendered":"https:\/\/www.ibuyphotos.com\/?post_type=product&#038;p=7000"},"modified":"2024-02-26T14:20:48","modified_gmt":"2024-02-26T14:20:48","slug":"photo-sparklers-001","status":"publish","type":"product","link":"https:\/\/www.ibuyphotos.com\/fr\/objets\/photo-cierges-magiques-001","title":{"rendered":"Photo: Ci\u00e8rges Magiques 001"},"content":{"rendered":"<div class=\"the-content\"><p>cierge magique qui br\u00fble avec \u00e9tincelles en faisant de la lumi\u00e8re<\/p>\n<\/div>","protected":false},"excerpt":{"rendered":"<p>cierge magique qui br\u00fble avec \u00e9tincelles en faisant de la lumi\u00e8re<\/p>","protected":false},"featured_media":7034,"template":"","meta":{"_acf_changed":false},"product_brand":[],"product_cat":[208],"product_tag":[1316,813,25,1317,1213,816,1318],"class_list":{"0":"post-7000","1":"product","2":"type-product","3":"status-publish","4":"has-post-thumbnail","6":"product_cat-objects","7":"product_tag-burning","8":"product_tag-celebration","9":"product_tag-light","10":"product_tag-sparkler","11":"product_tag-sparklers","12":"product_tag-sparkles","13":"product_tag-stick","15":"first","16":"instock","17":"sold-individually","18":"purchasable","19":"product-type-variable","20":"has-default-attributes"},"acf":[],"_links":{"self":[{"href":"https:\/\/www.ibuyphotos.com\/fr\/wp-json\/wp\/v2\/product\/7000","targetHints":{"allow":["GET"]}}],"collection":[{"href":"https:\/\/www.ibuyphotos.com\/fr\/wp-json\/wp\/v2\/product"}],"about":[{"href":"https:\/\/www.ibuyphotos.com\/fr\/wp-json\/wp\/v2\/types\/product"}],"wp:featuredmedia":[{"embeddable":true,"href":"https:\/\/www.ibuyphotos.com\/fr\/wp-json\/wp\/v2\/media\/7034"}],"wp:attachment":[{"href":"https:\/\/www.ibuyphotos.com\/fr\/wp-json\/wp\/v2\/media?parent=7000"}],"wp:term":[{"taxonomy":"product_brand","embeddable":true,"href":"https:\/\/www.ibuyphotos.com\/fr\/wp-json\/wp\/v2\/product_brand?post=7000"},{"taxonomy":"product_cat","embeddable":true,"href":"https:\/\/www.ibuyphotos.com\/fr\/wp-json\/wp\/v2\/product_cat?post=7000"},{"taxonomy":"product_tag","embeddable":true,"href":"https:\/\/www.ibuyphotos.com\/fr\/wp-json\/wp\/v2\/product_tag?post=7000"}],"curies":[{"name":"wp","href":"https:\/\/api.w.org\/{rel}","templated":true}]}}