{"id":6840,"date":"2024-02-19T21:35:24","date_gmt":"2024-02-19T21:35:24","guid":{"rendered":"https:\/\/www.ibuyphotos.com\/?post_type=product&#038;p=6840"},"modified":"2024-02-26T14:19:12","modified_gmt":"2024-02-26T14:19:12","slug":"photo-sea-004","status":"publish","type":"product","link":"https:\/\/www.ibuyphotos.com\/fr\/nature\/photo-mer-004","title":{"rendered":"Photo: Mer 004"},"content":{"rendered":"<div class=\"the-content\"><p>rocher Perc\u00e9 en Gasp\u00e9sie au Qu\u00e9bec<\/p>\n<\/div>","protected":false},"excerpt":{"rendered":"<p>rocher Perc\u00e9 en Gasp\u00e9sie au Qu\u00e9bec<\/p>","protected":false},"featured_media":6874,"template":"","meta":{"_acf_changed":false},"product_brand":[],"product_cat":[174],"product_tag":[694,104,311,947,948,181,1298,192,109,57,315],"class_list":{"0":"post-6840","1":"product","2":"type-product","3":"status-publish","4":"has-post-thumbnail","6":"product_cat-nature","7":"product_tag-boat","8":"product_tag-clouds","9":"product_tag-gaspesie","10":"product_tag-perce-rock","11":"product_tag-rocher-perce","12":"product_tag-rocks","13":"product_tag-sailing","14":"product_tag-sea","15":"product_tag-sky","16":"product_tag-water","17":"product_tag-waves","19":"first","20":"instock","21":"sold-individually","22":"purchasable","23":"product-type-variable","24":"has-default-attributes"},"acf":[],"_links":{"self":[{"href":"https:\/\/www.ibuyphotos.com\/fr\/wp-json\/wp\/v2\/product\/6840","targetHints":{"allow":["GET"]}}],"collection":[{"href":"https:\/\/www.ibuyphotos.com\/fr\/wp-json\/wp\/v2\/product"}],"about":[{"href":"https:\/\/www.ibuyphotos.com\/fr\/wp-json\/wp\/v2\/types\/product"}],"wp:featuredmedia":[{"embeddable":true,"href":"https:\/\/www.ibuyphotos.com\/fr\/wp-json\/wp\/v2\/media\/6874"}],"wp:attachment":[{"href":"https:\/\/www.ibuyphotos.com\/fr\/wp-json\/wp\/v2\/media?parent=6840"}],"wp:term":[{"taxonomy":"product_brand","embeddable":true,"href":"https:\/\/www.ibuyphotos.com\/fr\/wp-json\/wp\/v2\/product_brand?post=6840"},{"taxonomy":"product_cat","embeddable":true,"href":"https:\/\/www.ibuyphotos.com\/fr\/wp-json\/wp\/v2\/product_cat?post=6840"},{"taxonomy":"product_tag","embeddable":true,"href":"https:\/\/www.ibuyphotos.com\/fr\/wp-json\/wp\/v2\/product_tag?post=6840"}],"curies":[{"name":"wp","href":"https:\/\/api.w.org\/{rel}","templated":true}]}}