{"id":6834,"date":"2024-02-19T21:35:15","date_gmt":"2024-02-19T21:35:15","guid":{"rendered":"https:\/\/www.ibuyphotos.com\/?post_type=product&#038;p=6834"},"modified":"2024-02-26T14:19:09","modified_gmt":"2024-02-26T14:19:09","slug":"photo-sea-003","status":"publish","type":"product","link":"https:\/\/www.ibuyphotos.com\/fr\/nature\/photo-mer-003","title":{"rendered":"Photo: Mer 003"},"content":{"rendered":"<div class=\"the-content\"><p>bateau devant rocher Perc\u00e9 en Gasp\u00e9sie au Qu\u00e9bec<\/p>\n<\/div>","protected":false},"excerpt":{"rendered":"<p>bateau devant rocher Perc\u00e9 en Gasp\u00e9sie au Qu\u00e9bec<\/p>","protected":false},"featured_media":6868,"template":"","meta":{"_acf_changed":false},"product_brand":[],"product_cat":[174],"product_tag":[694,243,311,947,314,948,181,1298,192,57,315],"class_list":{"0":"post-6834","1":"product","2":"type-product","3":"status-publish","4":"has-post-thumbnail","6":"product_cat-nature","7":"product_tag-boat","8":"product_tag-canada","9":"product_tag-gaspesie","10":"product_tag-perce-rock","11":"product_tag-quebec","12":"product_tag-rocher-perce","13":"product_tag-rocks","14":"product_tag-sailing","15":"product_tag-sea","16":"product_tag-water","17":"product_tag-waves","19":"first","20":"instock","21":"sold-individually","22":"purchasable","23":"product-type-variable","24":"has-default-attributes"},"acf":[],"_links":{"self":[{"href":"https:\/\/www.ibuyphotos.com\/fr\/wp-json\/wp\/v2\/product\/6834","targetHints":{"allow":["GET"]}}],"collection":[{"href":"https:\/\/www.ibuyphotos.com\/fr\/wp-json\/wp\/v2\/product"}],"about":[{"href":"https:\/\/www.ibuyphotos.com\/fr\/wp-json\/wp\/v2\/types\/product"}],"wp:featuredmedia":[{"embeddable":true,"href":"https:\/\/www.ibuyphotos.com\/fr\/wp-json\/wp\/v2\/media\/6868"}],"wp:attachment":[{"href":"https:\/\/www.ibuyphotos.com\/fr\/wp-json\/wp\/v2\/media?parent=6834"}],"wp:term":[{"taxonomy":"product_brand","embeddable":true,"href":"https:\/\/www.ibuyphotos.com\/fr\/wp-json\/wp\/v2\/product_brand?post=6834"},{"taxonomy":"product_cat","embeddable":true,"href":"https:\/\/www.ibuyphotos.com\/fr\/wp-json\/wp\/v2\/product_cat?post=6834"},{"taxonomy":"product_tag","embeddable":true,"href":"https:\/\/www.ibuyphotos.com\/fr\/wp-json\/wp\/v2\/product_tag?post=6834"}],"curies":[{"name":"wp","href":"https:\/\/api.w.org\/{rel}","templated":true}]}}