{"id":6797,"date":"2024-02-19T21:34:18","date_gmt":"2024-02-19T21:34:18","guid":{"rendered":"https:\/\/www.ibuyphotos.com\/?post_type=product&#038;p=6797"},"modified":"2024-02-26T14:18:48","modified_gmt":"2024-02-26T14:18:48","slug":"photo-sand-003","status":"publish","type":"product","link":"https:\/\/www.ibuyphotos.com\/fr\/nature\/photo-sable-003","title":{"rendered":"Photo: Sable 003"},"content":{"rendered":"<div class=\"the-content\"><p>ganivelles, cl\u00f4ture en bois pour prot\u00e9ger dunes de sable en M\u00e9diterran\u00e9e<\/p>\n<\/div>","protected":false},"excerpt":{"rendered":"<p>ganivelles, cl\u00f4ture en bois pour prot\u00e9ger dunes de sable en M\u00e9diterran\u00e9e<\/p>","protected":false},"featured_media":6832,"template":"","meta":{"_acf_changed":false},"product_brand":[],"product_cat":[174],"product_tag":[189,267,1290,582,192,114,124],"class_list":{"0":"post-6797","1":"product","2":"type-product","3":"status-publish","4":"has-post-thumbnail","6":"product_cat-nature","7":"product_tag-beach","8":"product_tag-fence","9":"product_tag-ganivelles","10":"product_tag-sand","11":"product_tag-sea","12":"product_tag-sun","13":"product_tag-wood","15":"first","16":"instock","17":"sold-individually","18":"purchasable","19":"product-type-variable","20":"has-default-attributes"},"acf":[],"_links":{"self":[{"href":"https:\/\/www.ibuyphotos.com\/fr\/wp-json\/wp\/v2\/product\/6797","targetHints":{"allow":["GET"]}}],"collection":[{"href":"https:\/\/www.ibuyphotos.com\/fr\/wp-json\/wp\/v2\/product"}],"about":[{"href":"https:\/\/www.ibuyphotos.com\/fr\/wp-json\/wp\/v2\/types\/product"}],"wp:featuredmedia":[{"embeddable":true,"href":"https:\/\/www.ibuyphotos.com\/fr\/wp-json\/wp\/v2\/media\/6832"}],"wp:attachment":[{"href":"https:\/\/www.ibuyphotos.com\/fr\/wp-json\/wp\/v2\/media?parent=6797"}],"wp:term":[{"taxonomy":"product_brand","embeddable":true,"href":"https:\/\/www.ibuyphotos.com\/fr\/wp-json\/wp\/v2\/product_brand?post=6797"},{"taxonomy":"product_cat","embeddable":true,"href":"https:\/\/www.ibuyphotos.com\/fr\/wp-json\/wp\/v2\/product_cat?post=6797"},{"taxonomy":"product_tag","embeddable":true,"href":"https:\/\/www.ibuyphotos.com\/fr\/wp-json\/wp\/v2\/product_tag?post=6797"}],"curies":[{"name":"wp","href":"https:\/\/api.w.org\/{rel}","templated":true}]}}