{"id":6770,"date":"2024-02-19T21:33:35","date_gmt":"2024-02-19T21:33:35","guid":{"rendered":"https:\/\/www.ibuyphotos.com\/?post_type=product&#038;p=6770"},"modified":"2024-02-26T14:18:34","modified_gmt":"2024-02-26T14:18:34","slug":"photo-rust-006","status":"publish","type":"product","link":"https:\/\/www.ibuyphotos.com\/fr\/objets\/photo-rouille-006","title":{"rendered":"Photo: Rouille 006"},"content":{"rendered":"<div class=\"the-content\"><p>vieil \u00e9crou rouill\u00e9 sur une plaque m\u00e9tallique<\/p>\n<\/div>","protected":false},"excerpt":{"rendered":"<p>vieil \u00e9crou rouill\u00e9 sur une plaque m\u00e9tallique<\/p>","protected":false},"featured_media":6805,"template":"","meta":{"_acf_changed":false},"product_brand":[],"product_cat":[208],"product_tag":[1286,37,67],"class_list":{"0":"post-6770","1":"product","2":"type-product","3":"status-publish","4":"has-post-thumbnail","6":"product_cat-objects","7":"product_tag-bold","8":"product_tag-metal","9":"product_tag-rust","11":"first","12":"instock","13":"sold-individually","14":"purchasable","15":"product-type-variable","16":"has-default-attributes"},"acf":[],"_links":{"self":[{"href":"https:\/\/www.ibuyphotos.com\/fr\/wp-json\/wp\/v2\/product\/6770","targetHints":{"allow":["GET"]}}],"collection":[{"href":"https:\/\/www.ibuyphotos.com\/fr\/wp-json\/wp\/v2\/product"}],"about":[{"href":"https:\/\/www.ibuyphotos.com\/fr\/wp-json\/wp\/v2\/types\/product"}],"wp:featuredmedia":[{"embeddable":true,"href":"https:\/\/www.ibuyphotos.com\/fr\/wp-json\/wp\/v2\/media\/6805"}],"wp:attachment":[{"href":"https:\/\/www.ibuyphotos.com\/fr\/wp-json\/wp\/v2\/media?parent=6770"}],"wp:term":[{"taxonomy":"product_brand","embeddable":true,"href":"https:\/\/www.ibuyphotos.com\/fr\/wp-json\/wp\/v2\/product_brand?post=6770"},{"taxonomy":"product_cat","embeddable":true,"href":"https:\/\/www.ibuyphotos.com\/fr\/wp-json\/wp\/v2\/product_cat?post=6770"},{"taxonomy":"product_tag","embeddable":true,"href":"https:\/\/www.ibuyphotos.com\/fr\/wp-json\/wp\/v2\/product_tag?post=6770"}],"curies":[{"name":"wp","href":"https:\/\/api.w.org\/{rel}","templated":true}]}}