{"id":6746,"date":"2024-02-19T21:32:56","date_gmt":"2024-02-19T21:32:56","guid":{"rendered":"https:\/\/www.ibuyphotos.com\/?post_type=product&#038;p=6746"},"modified":"2024-02-26T14:18:19","modified_gmt":"2024-02-26T14:18:19","slug":"photo-rust-002","status":"publish","type":"product","link":"https:\/\/www.ibuyphotos.com\/fr\/objets\/photo-rouille-002","title":{"rendered":"Photo: Rouille 002"},"content":{"rendered":"<div class=\"the-content\"><p>morceau rouill\u00e9 d'\u00e9l\u00e9ment avec de petites roches<\/p>\n<\/div>","protected":false},"excerpt":{"rendered":"<p>morceau rouill\u00e9 d'\u00e9l\u00e9ment avec de petites roches<\/p>","protected":false},"featured_media":6780,"template":"","meta":{"_acf_changed":false},"product_brand":[],"product_cat":[208],"product_tag":[483,219,678,37,181,67,679],"class_list":{"0":"post-6746","1":"product","2":"type-product","3":"status-publish","4":"has-post-thumbnail","6":"product_cat-objects","7":"product_tag-bolt","8":"product_tag-gravel","9":"product_tag-iron","10":"product_tag-metal","11":"product_tag-rocks","12":"product_tag-rust","13":"product_tag-steel","15":"first","16":"instock","17":"sold-individually","18":"purchasable","19":"product-type-variable","20":"has-default-attributes"},"acf":[],"_links":{"self":[{"href":"https:\/\/www.ibuyphotos.com\/fr\/wp-json\/wp\/v2\/product\/6746","targetHints":{"allow":["GET"]}}],"collection":[{"href":"https:\/\/www.ibuyphotos.com\/fr\/wp-json\/wp\/v2\/product"}],"about":[{"href":"https:\/\/www.ibuyphotos.com\/fr\/wp-json\/wp\/v2\/types\/product"}],"wp:featuredmedia":[{"embeddable":true,"href":"https:\/\/www.ibuyphotos.com\/fr\/wp-json\/wp\/v2\/media\/6780"}],"wp:attachment":[{"href":"https:\/\/www.ibuyphotos.com\/fr\/wp-json\/wp\/v2\/media?parent=6746"}],"wp:term":[{"taxonomy":"product_brand","embeddable":true,"href":"https:\/\/www.ibuyphotos.com\/fr\/wp-json\/wp\/v2\/product_brand?post=6746"},{"taxonomy":"product_cat","embeddable":true,"href":"https:\/\/www.ibuyphotos.com\/fr\/wp-json\/wp\/v2\/product_cat?post=6746"},{"taxonomy":"product_tag","embeddable":true,"href":"https:\/\/www.ibuyphotos.com\/fr\/wp-json\/wp\/v2\/product_tag?post=6746"}],"curies":[{"name":"wp","href":"https:\/\/api.w.org\/{rel}","templated":true}]}}