{"id":6670,"date":"2024-02-19T21:30:58","date_gmt":"2024-02-19T21:30:58","guid":{"rendered":"https:\/\/www.ibuyphotos.com\/?post_type=product&#038;p=6670"},"modified":"2024-02-26T14:17:37","modified_gmt":"2024-02-26T14:17:37","slug":"photo-river-hdr-001","status":"publish","type":"product","link":"https:\/\/www.ibuyphotos.com\/fr\/art\/photo-riviere-hdr-001","title":{"rendered":"Photo: Rivi\u00e8re HDR 001"},"content":{"rendered":"<div class=\"the-content\"><p>rivi\u00e8re en campagne \u00e0 c\u00f4t\u00e9 d'un champ pendant orage en HDR<\/p>\n<\/div>","protected":false},"excerpt":{"rendered":"<p>rivi\u00e8re en campagne \u00e0 c\u00f4t\u00e9 d'un champ pendant orage en HDR<\/p>","protected":false},"featured_media":6704,"template":"","meta":{"_acf_changed":false},"product_brand":[],"product_cat":[60],"product_tag":[104,118,682,683,76,25,665,234,181,120,109,684,110],"class_list":{"0":"post-6670","1":"product","2":"type-product","3":"status-publish","4":"has-post-thumbnail","6":"product_cat-art","7":"product_tag-clouds","8":"product_tag-field","9":"product_tag-hay","10":"product_tag-haystack","11":"product_tag-hdr","12":"product_tag-light","13":"product_tag-path","14":"product_tag-river","15":"product_tag-rocks","16":"product_tag-rural","17":"product_tag-sky","18":"product_tag-straw","19":"product_tag-trees","21":"first","22":"instock","23":"sold-individually","24":"purchasable","25":"product-type-variable","26":"has-default-attributes"},"acf":[],"_links":{"self":[{"href":"https:\/\/www.ibuyphotos.com\/fr\/wp-json\/wp\/v2\/product\/6670","targetHints":{"allow":["GET"]}}],"collection":[{"href":"https:\/\/www.ibuyphotos.com\/fr\/wp-json\/wp\/v2\/product"}],"about":[{"href":"https:\/\/www.ibuyphotos.com\/fr\/wp-json\/wp\/v2\/types\/product"}],"wp:featuredmedia":[{"embeddable":true,"href":"https:\/\/www.ibuyphotos.com\/fr\/wp-json\/wp\/v2\/media\/6704"}],"wp:attachment":[{"href":"https:\/\/www.ibuyphotos.com\/fr\/wp-json\/wp\/v2\/media?parent=6670"}],"wp:term":[{"taxonomy":"product_brand","embeddable":true,"href":"https:\/\/www.ibuyphotos.com\/fr\/wp-json\/wp\/v2\/product_brand?post=6670"},{"taxonomy":"product_cat","embeddable":true,"href":"https:\/\/www.ibuyphotos.com\/fr\/wp-json\/wp\/v2\/product_cat?post=6670"},{"taxonomy":"product_tag","embeddable":true,"href":"https:\/\/www.ibuyphotos.com\/fr\/wp-json\/wp\/v2\/product_tag?post=6670"}],"curies":[{"name":"wp","href":"https:\/\/api.w.org\/{rel}","templated":true}]}}