{"id":6306,"date":"2024-02-19T21:21:01","date_gmt":"2024-02-19T21:21:01","guid":{"rendered":"https:\/\/www.ibuyphotos.com\/?post_type=product&#038;p=6306"},"modified":"2024-02-26T14:14:02","modified_gmt":"2024-02-26T14:14:02","slug":"photo-port-art-001","status":"publish","type":"product","link":"https:\/\/www.ibuyphotos.com\/fr\/art\/photo-port-art-001","title":{"rendered":"Photo: Port Art 001"},"content":{"rendered":"<div class=\"the-content\"><p>port d\u00e9saffect\u00e9 avec structure en m\u00e9tal sur photo color\u00e9e<\/p>\n<\/div>","protected":false},"excerpt":{"rendered":"<p>port d\u00e9saffect\u00e9 avec structure en m\u00e9tal sur photo color\u00e9e<\/p>","protected":false},"featured_media":6340,"template":"","meta":{"_acf_changed":false},"product_brand":[],"product_cat":[60],"product_tag":[104,267,628,75,493,741,37,495,629,234,67,109,57],"class_list":{"0":"post-6306","1":"product","2":"type-product","3":"status-publish","4":"has-post-thumbnail","6":"product_cat-art","7":"product_tag-clouds","8":"product_tag-fence","9":"product_tag-gate","10":"product_tag-grid","11":"product_tag-harbor","12":"product_tag-lock","13":"product_tag-metal","14":"product_tag-port","15":"product_tag-portal","16":"product_tag-river","17":"product_tag-rust","18":"product_tag-sky","19":"product_tag-water","21":"first","22":"instock","23":"sold-individually","24":"purchasable","25":"product-type-variable","26":"has-default-attributes"},"acf":[],"_links":{"self":[{"href":"https:\/\/www.ibuyphotos.com\/fr\/wp-json\/wp\/v2\/product\/6306","targetHints":{"allow":["GET"]}}],"collection":[{"href":"https:\/\/www.ibuyphotos.com\/fr\/wp-json\/wp\/v2\/product"}],"about":[{"href":"https:\/\/www.ibuyphotos.com\/fr\/wp-json\/wp\/v2\/types\/product"}],"wp:featuredmedia":[{"embeddable":true,"href":"https:\/\/www.ibuyphotos.com\/fr\/wp-json\/wp\/v2\/media\/6340"}],"wp:attachment":[{"href":"https:\/\/www.ibuyphotos.com\/fr\/wp-json\/wp\/v2\/media?parent=6306"}],"wp:term":[{"taxonomy":"product_brand","embeddable":true,"href":"https:\/\/www.ibuyphotos.com\/fr\/wp-json\/wp\/v2\/product_brand?post=6306"},{"taxonomy":"product_cat","embeddable":true,"href":"https:\/\/www.ibuyphotos.com\/fr\/wp-json\/wp\/v2\/product_cat?post=6306"},{"taxonomy":"product_tag","embeddable":true,"href":"https:\/\/www.ibuyphotos.com\/fr\/wp-json\/wp\/v2\/product_tag?post=6306"}],"curies":[{"name":"wp","href":"https:\/\/api.w.org\/{rel}","templated":true}]}}