{"id":6294,"date":"2024-02-19T21:20:42","date_gmt":"2024-02-19T21:20:42","guid":{"rendered":"https:\/\/www.ibuyphotos.com\/?post_type=product&#038;p=6294"},"modified":"2024-02-26T14:13:56","modified_gmt":"2024-02-26T14:13:56","slug":"photo-porcupine-001","status":"publish","type":"product","link":"https:\/\/www.ibuyphotos.com\/fr\/animaux\/photo-porc-epic-001","title":{"rendered":"Photo: Porc-Epic 001"},"content":{"rendered":"<div class=\"the-content\"><p>porc-\u00e9pic h\u00e9risse ses piques et poils pour se d\u00e9fendre<\/p>\n<\/div>","protected":false},"excerpt":{"rendered":"<p>porc-\u00e9pic h\u00e9risse ses piques et poils pour se d\u00e9fendre<\/p>","protected":false},"featured_media":6328,"template":"","meta":{"_acf_changed":false},"product_brand":[],"product_cat":[195],"product_tag":[1230,103,222,1231,1210,1232,199],"class_list":{"0":"post-6294","1":"product","2":"type-product","3":"status-publish","4":"has-post-thumbnail","6":"product_cat-animals","7":"product_tag-bristle","8":"product_tag-bushes","9":"product_tag-forest","10":"product_tag-guard-hairs","11":"product_tag-hairs","12":"product_tag-porcupine","13":"product_tag-wildlife","15":"first","16":"instock","17":"sold-individually","18":"purchasable","19":"product-type-variable","20":"has-default-attributes"},"acf":[],"_links":{"self":[{"href":"https:\/\/www.ibuyphotos.com\/fr\/wp-json\/wp\/v2\/product\/6294","targetHints":{"allow":["GET"]}}],"collection":[{"href":"https:\/\/www.ibuyphotos.com\/fr\/wp-json\/wp\/v2\/product"}],"about":[{"href":"https:\/\/www.ibuyphotos.com\/fr\/wp-json\/wp\/v2\/types\/product"}],"wp:featuredmedia":[{"embeddable":true,"href":"https:\/\/www.ibuyphotos.com\/fr\/wp-json\/wp\/v2\/media\/6328"}],"wp:attachment":[{"href":"https:\/\/www.ibuyphotos.com\/fr\/wp-json\/wp\/v2\/media?parent=6294"}],"wp:term":[{"taxonomy":"product_brand","embeddable":true,"href":"https:\/\/www.ibuyphotos.com\/fr\/wp-json\/wp\/v2\/product_brand?post=6294"},{"taxonomy":"product_cat","embeddable":true,"href":"https:\/\/www.ibuyphotos.com\/fr\/wp-json\/wp\/v2\/product_cat?post=6294"},{"taxonomy":"product_tag","embeddable":true,"href":"https:\/\/www.ibuyphotos.com\/fr\/wp-json\/wp\/v2\/product_tag?post=6294"}],"curies":[{"name":"wp","href":"https:\/\/api.w.org\/{rel}","templated":true}]}}