{"id":6145,"date":"2024-02-19T21:16:50","date_gmt":"2024-02-19T21:16:50","guid":{"rendered":"https:\/\/www.ibuyphotos.com\/?post_type=product&#038;p=6145"},"modified":"2024-02-26T14:12:32","modified_gmt":"2024-02-26T14:12:32","slug":"photo-pink-flamingo-006","status":"publish","type":"product","link":"https:\/\/www.ibuyphotos.com\/fr\/animaux\/photo-flamant-rose-006","title":{"rendered":"Photo: Flamant Rose 006"},"content":{"rendered":"<div class=\"the-content\"><p>flamant rose l\u00e8ve la t\u00eate et regarde debout dans \u00e9tang<\/p>\n<\/div>","protected":false},"excerpt":{"rendered":"<p>flamant rose l\u00e8ve la t\u00eate et regarde debout dans \u00e9tang<\/p>","protected":false},"featured_media":6179,"template":"","meta":{"_acf_changed":false},"product_brand":[],"product_cat":[195],"product_tag":[382,1220,1212,1221,231,52,591,57],"class_list":{"0":"post-6145","1":"product","2":"type-product","3":"status-publish","4":"has-post-thumbnail","6":"product_cat-animals","7":"product_tag-bird","8":"product_tag-flamingo","9":"product_tag-pink","10":"product_tag-pink-flamingo","11":"product_tag-pond","12":"product_tag-reflection","13":"product_tag-south-of-france","14":"product_tag-water","16":"first","17":"instock","18":"sold-individually","19":"purchasable","20":"product-type-variable","21":"has-default-attributes"},"acf":[],"_links":{"self":[{"href":"https:\/\/www.ibuyphotos.com\/fr\/wp-json\/wp\/v2\/product\/6145","targetHints":{"allow":["GET"]}}],"collection":[{"href":"https:\/\/www.ibuyphotos.com\/fr\/wp-json\/wp\/v2\/product"}],"about":[{"href":"https:\/\/www.ibuyphotos.com\/fr\/wp-json\/wp\/v2\/types\/product"}],"wp:featuredmedia":[{"embeddable":true,"href":"https:\/\/www.ibuyphotos.com\/fr\/wp-json\/wp\/v2\/media\/6179"}],"wp:attachment":[{"href":"https:\/\/www.ibuyphotos.com\/fr\/wp-json\/wp\/v2\/media?parent=6145"}],"wp:term":[{"taxonomy":"product_brand","embeddable":true,"href":"https:\/\/www.ibuyphotos.com\/fr\/wp-json\/wp\/v2\/product_brand?post=6145"},{"taxonomy":"product_cat","embeddable":true,"href":"https:\/\/www.ibuyphotos.com\/fr\/wp-json\/wp\/v2\/product_cat?post=6145"},{"taxonomy":"product_tag","embeddable":true,"href":"https:\/\/www.ibuyphotos.com\/fr\/wp-json\/wp\/v2\/product_tag?post=6145"}],"curies":[{"name":"wp","href":"https:\/\/api.w.org\/{rel}","templated":true}]}}