{"id":6071,"date":"2024-02-19T21:15:02","date_gmt":"2024-02-19T21:15:02","guid":{"rendered":"https:\/\/www.ibuyphotos.com\/?post_type=product&#038;p=6071"},"modified":"2024-02-26T14:11:49","modified_gmt":"2024-02-26T14:11:49","slug":"photo-party-doll-001","status":"publish","type":"product","link":"https:\/\/www.ibuyphotos.com\/fr\/evenements\/photo-poupee-de-soiree-001","title":{"rendered":"Photo: Poup\u00e9e De Soir\u00e9e 001"},"content":{"rendered":"<div class=\"the-content\"><p>vieille poup\u00e9e de soir\u00e9e en hiver \u00e9clair\u00e9e avec un cierge magique<\/p>\n<\/div>","protected":false},"excerpt":{"rendered":"<p>vieille poup\u00e9e de soir\u00e9e en hiver \u00e9clair\u00e9e avec un cierge magique<\/p>","protected":false},"featured_media":6106,"template":"","meta":{"_acf_changed":false},"product_brand":[],"product_cat":[283],"product_tag":[1209,699,326,1210,25,273,50,1211,1212,182,1213,816,707,1214,618],"class_list":{"0":"post-6071","1":"product","2":"type-product","3":"status-publish","4":"has-post-thumbnail","6":"product_cat-events","7":"product_tag-dancing","8":"product_tag-doll","9":"product_tag-face","10":"product_tag-hairs","11":"product_tag-light","12":"product_tag-lightpainting","13":"product_tag-old","14":"product_tag-party","15":"product_tag-pink","16":"product_tag-snow","17":"product_tag-sparklers","18":"product_tag-sparkles","19":"product_tag-toy","20":"product_tag-used","21":"product_tag-winter","23":"first","24":"instock","25":"sold-individually","26":"purchasable","27":"product-type-variable","28":"has-default-attributes"},"acf":[],"_links":{"self":[{"href":"https:\/\/www.ibuyphotos.com\/fr\/wp-json\/wp\/v2\/product\/6071","targetHints":{"allow":["GET"]}}],"collection":[{"href":"https:\/\/www.ibuyphotos.com\/fr\/wp-json\/wp\/v2\/product"}],"about":[{"href":"https:\/\/www.ibuyphotos.com\/fr\/wp-json\/wp\/v2\/types\/product"}],"wp:featuredmedia":[{"embeddable":true,"href":"https:\/\/www.ibuyphotos.com\/fr\/wp-json\/wp\/v2\/media\/6106"}],"wp:attachment":[{"href":"https:\/\/www.ibuyphotos.com\/fr\/wp-json\/wp\/v2\/media?parent=6071"}],"wp:term":[{"taxonomy":"product_brand","embeddable":true,"href":"https:\/\/www.ibuyphotos.com\/fr\/wp-json\/wp\/v2\/product_brand?post=6071"},{"taxonomy":"product_cat","embeddable":true,"href":"https:\/\/www.ibuyphotos.com\/fr\/wp-json\/wp\/v2\/product_cat?post=6071"},{"taxonomy":"product_tag","embeddable":true,"href":"https:\/\/www.ibuyphotos.com\/fr\/wp-json\/wp\/v2\/product_tag?post=6071"}],"curies":[{"name":"wp","href":"https:\/\/api.w.org\/{rel}","templated":true}]}}