{"id":5335,"date":"2024-02-19T20:57:44","date_gmt":"2024-02-19T20:57:44","guid":{"rendered":"https:\/\/www.ibuyphotos.com\/?post_type=product&#038;p=5335"},"modified":"2024-02-26T14:02:34","modified_gmt":"2024-02-26T14:02:34","slug":"photo-moose-005","status":"publish","type":"product","link":"https:\/\/www.ibuyphotos.com\/fr\/animaux\/photo-orignal-005","title":{"rendered":"Photo: Orignal 005"},"content":{"rendered":"<div class=\"the-content\"><p>b\u00e9b\u00e9 orignal et sa m\u00e8re dans la for\u00eat<\/p>\n<\/div>","protected":false},"excerpt":{"rendered":"<p>b\u00e9b\u00e9 orignal et sa m\u00e8re dans la for\u00eat<\/p>","protected":false},"featured_media":5369,"template":"","meta":{"_acf_changed":false},"product_brand":[],"product_cat":[195],"product_tag":[325,102,103,318,351,222,1134,1135,324,1136,110,199],"class_list":{"0":"post-5335","1":"product","2":"type-product","3":"status-publish","4":"has-post-thumbnail","6":"product_cat-animals","7":"product_tag-baby","8":"product_tag-branches","9":"product_tag-bushes","10":"product_tag-cub","11":"product_tag-duo","12":"product_tag-forest","13":"product_tag-moose","14":"product_tag-mother","15":"product_tag-muzzle","16":"product_tag-parents","17":"product_tag-trees","18":"product_tag-wildlife","20":"first","21":"instock","22":"sold-individually","23":"purchasable","24":"product-type-variable","25":"has-default-attributes"},"acf":[],"_links":{"self":[{"href":"https:\/\/www.ibuyphotos.com\/fr\/wp-json\/wp\/v2\/product\/5335","targetHints":{"allow":["GET"]}}],"collection":[{"href":"https:\/\/www.ibuyphotos.com\/fr\/wp-json\/wp\/v2\/product"}],"about":[{"href":"https:\/\/www.ibuyphotos.com\/fr\/wp-json\/wp\/v2\/types\/product"}],"wp:featuredmedia":[{"embeddable":true,"href":"https:\/\/www.ibuyphotos.com\/fr\/wp-json\/wp\/v2\/media\/5369"}],"wp:attachment":[{"href":"https:\/\/www.ibuyphotos.com\/fr\/wp-json\/wp\/v2\/media?parent=5335"}],"wp:term":[{"taxonomy":"product_brand","embeddable":true,"href":"https:\/\/www.ibuyphotos.com\/fr\/wp-json\/wp\/v2\/product_brand?post=5335"},{"taxonomy":"product_cat","embeddable":true,"href":"https:\/\/www.ibuyphotos.com\/fr\/wp-json\/wp\/v2\/product_cat?post=5335"},{"taxonomy":"product_tag","embeddable":true,"href":"https:\/\/www.ibuyphotos.com\/fr\/wp-json\/wp\/v2\/product_tag?post=5335"}],"curies":[{"name":"wp","href":"https:\/\/api.w.org\/{rel}","templated":true}]}}