{"id":5177,"date":"2024-02-19T20:54:31","date_gmt":"2024-02-19T20:54:31","guid":{"rendered":"https:\/\/www.ibuyphotos.com\/?post_type=product&#038;p=5177"},"modified":"2024-02-26T14:00:34","modified_gmt":"2024-02-26T14:00:34","slug":"photo-mist-001","status":"publish","type":"product","link":"https:\/\/www.ibuyphotos.com\/fr\/nature\/photo-brume-001","title":{"rendered":"Photo: Brume 001"},"content":{"rendered":"<div class=\"the-content\"><p>for\u00eat brumeuse avec arbres aux formes \u00e9tranges, ch\u00eanes<\/p>\n<\/div>","protected":false},"excerpt":{"rendered":"<p>for\u00eat brumeuse avec arbres aux formes \u00e9tranges, ch\u00eanes<\/p>","protected":false},"featured_media":5211,"template":"","meta":{"_acf_changed":false},"product_brand":[],"product_cat":[174],"product_tag":[102,103,910,222,911,223,912,235,110,224],"class_list":{"0":"post-5177","1":"product","2":"type-product","3":"status-publish","4":"has-post-thumbnail","6":"product_cat-nature","7":"product_tag-branches","8":"product_tag-bushes","9":"product_tag-fog","10":"product_tag-forest","11":"product_tag-haze","12":"product_tag-leaves","13":"product_tag-mist","14":"product_tag-oak","15":"product_tag-trees","16":"product_tag-trunk","18":"first","19":"instock","20":"sold-individually","21":"purchasable","22":"product-type-variable","23":"has-default-attributes"},"acf":[],"_links":{"self":[{"href":"https:\/\/www.ibuyphotos.com\/fr\/wp-json\/wp\/v2\/product\/5177","targetHints":{"allow":["GET"]}}],"collection":[{"href":"https:\/\/www.ibuyphotos.com\/fr\/wp-json\/wp\/v2\/product"}],"about":[{"href":"https:\/\/www.ibuyphotos.com\/fr\/wp-json\/wp\/v2\/types\/product"}],"wp:featuredmedia":[{"embeddable":true,"href":"https:\/\/www.ibuyphotos.com\/fr\/wp-json\/wp\/v2\/media\/5211"}],"wp:attachment":[{"href":"https:\/\/www.ibuyphotos.com\/fr\/wp-json\/wp\/v2\/media?parent=5177"}],"wp:term":[{"taxonomy":"product_brand","embeddable":true,"href":"https:\/\/www.ibuyphotos.com\/fr\/wp-json\/wp\/v2\/product_brand?post=5177"},{"taxonomy":"product_cat","embeddable":true,"href":"https:\/\/www.ibuyphotos.com\/fr\/wp-json\/wp\/v2\/product_cat?post=5177"},{"taxonomy":"product_tag","embeddable":true,"href":"https:\/\/www.ibuyphotos.com\/fr\/wp-json\/wp\/v2\/product_tag?post=5177"}],"curies":[{"name":"wp","href":"https:\/\/api.w.org\/{rel}","templated":true}]}}