{"id":5023,"date":"2024-02-19T20:51:12","date_gmt":"2024-02-19T20:51:12","guid":{"rendered":"https:\/\/www.ibuyphotos.com\/?post_type=product&#038;p=5023"},"modified":"2024-02-26T13:58:38","modified_gmt":"2024-02-26T13:58:38","slug":"photo-manhole-001","status":"publish","type":"product","link":"https:\/\/www.ibuyphotos.com\/fr\/urbain\/photo-bouche-egout-001","title":{"rendered":"Photo: Bouche Egout 001"},"content":{"rendered":"<div class=\"the-content\"><p>bouche d'\u00e9gout dans le sol avec \u00e9chelle en m\u00e9tal<\/p>\n<\/div>","protected":false},"excerpt":{"rendered":"<p>bouche d'\u00e9gout dans le sol avec \u00e9chelle en m\u00e9tal<\/p>","protected":false},"featured_media":5058,"template":"","meta":{"_acf_changed":false},"product_brand":[],"product_cat":[17],"product_tag":[619,22,40,24,62,48,35,79,100,82],"class_list":{"0":"post-5023","1":"product","2":"type-product","3":"status-publish","4":"has-post-thumbnail","6":"product_cat-urban","7":"product_tag-concrete","8":"product_tag-crumbling","9":"product_tag-dark","10":"product_tag-dilapidated","11":"product_tag-factory","12":"product_tag-floor","13":"product_tag-fragments","14":"product_tag-hole","15":"product_tag-manhole","16":"product_tag-scale","18":"first","19":"instock","20":"sold-individually","21":"purchasable","22":"product-type-variable","23":"has-default-attributes"},"acf":[],"_links":{"self":[{"href":"https:\/\/www.ibuyphotos.com\/fr\/wp-json\/wp\/v2\/product\/5023","targetHints":{"allow":["GET"]}}],"collection":[{"href":"https:\/\/www.ibuyphotos.com\/fr\/wp-json\/wp\/v2\/product"}],"about":[{"href":"https:\/\/www.ibuyphotos.com\/fr\/wp-json\/wp\/v2\/types\/product"}],"wp:featuredmedia":[{"embeddable":true,"href":"https:\/\/www.ibuyphotos.com\/fr\/wp-json\/wp\/v2\/media\/5058"}],"wp:attachment":[{"href":"https:\/\/www.ibuyphotos.com\/fr\/wp-json\/wp\/v2\/media?parent=5023"}],"wp:term":[{"taxonomy":"product_brand","embeddable":true,"href":"https:\/\/www.ibuyphotos.com\/fr\/wp-json\/wp\/v2\/product_brand?post=5023"},{"taxonomy":"product_cat","embeddable":true,"href":"https:\/\/www.ibuyphotos.com\/fr\/wp-json\/wp\/v2\/product_cat?post=5023"},{"taxonomy":"product_tag","embeddable":true,"href":"https:\/\/www.ibuyphotos.com\/fr\/wp-json\/wp\/v2\/product_tag?post=5023"}],"curies":[{"name":"wp","href":"https:\/\/api.w.org\/{rel}","templated":true}]}}