{"id":440,"date":"2024-02-19T19:39:40","date_gmt":"2024-02-19T19:39:40","guid":{"rendered":"https:\/\/www.ibuyphotos.com\/product\/photo-autumn-006\/"},"modified":"2025-07-25T10:52:03","modified_gmt":"2025-07-25T10:52:03","slug":"photo-autumn-006","status":"publish","type":"product","link":"https:\/\/www.ibuyphotos.com\/fr\/nature\/photo-automne-006","title":{"rendered":"Photo: Automne 006"},"content":{"rendered":"<div class=\"the-content\"><p>foug\u00e8res \u00e9clair\u00e9es par rayons de soleil<\/p>\n<\/div>","protected":false},"excerpt":{"rendered":"<p>foug\u00e8res \u00e9clair\u00e9es par rayons de soleil<\/p>","protected":false},"featured_media":439,"template":"","meta":{"_acf_changed":false},"product_brand":[],"product_cat":[174],"product_tag":[227,102,222,223,25],"class_list":{"0":"post-440","1":"product","2":"type-product","3":"status-publish","4":"has-post-thumbnail","6":"product_cat-nature","7":"product_tag-bracken","8":"product_tag-branches","9":"product_tag-forest","10":"product_tag-leaves","11":"product_tag-light","13":"first","14":"instock","15":"sold-individually","16":"purchasable","17":"product-type-variable"},"acf":[],"_links":{"self":[{"href":"https:\/\/www.ibuyphotos.com\/fr\/wp-json\/wp\/v2\/product\/440","targetHints":{"allow":["GET"]}}],"collection":[{"href":"https:\/\/www.ibuyphotos.com\/fr\/wp-json\/wp\/v2\/product"}],"about":[{"href":"https:\/\/www.ibuyphotos.com\/fr\/wp-json\/wp\/v2\/types\/product"}],"wp:featuredmedia":[{"embeddable":true,"href":"https:\/\/www.ibuyphotos.com\/fr\/wp-json\/wp\/v2\/media\/439"}],"wp:attachment":[{"href":"https:\/\/www.ibuyphotos.com\/fr\/wp-json\/wp\/v2\/media?parent=440"}],"wp:term":[{"taxonomy":"product_brand","embeddable":true,"href":"https:\/\/www.ibuyphotos.com\/fr\/wp-json\/wp\/v2\/product_brand?post=440"},{"taxonomy":"product_cat","embeddable":true,"href":"https:\/\/www.ibuyphotos.com\/fr\/wp-json\/wp\/v2\/product_cat?post=440"},{"taxonomy":"product_tag","embeddable":true,"href":"https:\/\/www.ibuyphotos.com\/fr\/wp-json\/wp\/v2\/product_tag?post=440"}],"curies":[{"name":"wp","href":"https:\/\/api.w.org\/{rel}","templated":true}]}}