{"id":44,"date":"2024-02-19T19:35:22","date_gmt":"2024-02-19T19:35:22","guid":{"rendered":"https:\/\/www.ibuyphotos.com\/?post_type=product&#038;p=44"},"modified":"2024-02-26T12:53:55","modified_gmt":"2024-02-26T12:53:55","slug":"photo-abandoned-factory-art-002","status":"publish","type":"product","link":"https:\/\/www.ibuyphotos.com\/fr\/art\/photo-art-usine-abandonnee-002","title":{"rendered":"Photo: Art Usine Abandonn\u00e9e 002"},"content":{"rendered":"<div class=\"the-content\"><p>sous-sol abandonn\u00e9 avec d\u00e9bris et murs d\u00e9molis, \u00e9clair\u00e9e par lightpainting<\/p>\n<\/div>","protected":false},"excerpt":{"rendered":"<p>sous-sol abandonn\u00e9 avec d\u00e9bris et murs d\u00e9molis, \u00e9clair\u00e9e par lightpainting<\/p>","protected":false},"featured_media":78,"template":"","meta":{"_acf_changed":false},"product_brand":[],"product_cat":[60],"product_tag":[18,61,19,20,43,22,23,33,24,69,62,70,35,63,64,37,50,65,66,71,28,67,68,30],"class_list":{"0":"post-44","1":"product","2":"type-product","3":"status-publish","4":"has-post-thumbnail","6":"product_cat-art","7":"product_tag-abandoned","8":"product_tag-beam","9":"product_tag-bricks","10":"product_tag-bricks-wall","11":"product_tag-ceiling","12":"product_tag-crumbling","13":"product_tag-damaged","14":"product_tag-demolished","15":"product_tag-dilapidated","16":"product_tag-engine","17":"product_tag-factory","18":"product_tag-fan","19":"product_tag-fragments","20":"product_tag-light-painting","21":"product_tag-machines","22":"product_tag-metal","23":"product_tag-old","24":"product_tag-peeling","25":"product_tag-pipes","26":"product_tag-planks","27":"product_tag-run-down","28":"product_tag-rust","29":"product_tag-rusty","30":"product_tag-wall","32":"first","33":"instock","34":"sold-individually","35":"purchasable","36":"product-type-variable","37":"has-default-attributes"},"acf":[],"_links":{"self":[{"href":"https:\/\/www.ibuyphotos.com\/fr\/wp-json\/wp\/v2\/product\/44","targetHints":{"allow":["GET"]}}],"collection":[{"href":"https:\/\/www.ibuyphotos.com\/fr\/wp-json\/wp\/v2\/product"}],"about":[{"href":"https:\/\/www.ibuyphotos.com\/fr\/wp-json\/wp\/v2\/types\/product"}],"wp:featuredmedia":[{"embeddable":true,"href":"https:\/\/www.ibuyphotos.com\/fr\/wp-json\/wp\/v2\/media\/78"}],"wp:attachment":[{"href":"https:\/\/www.ibuyphotos.com\/fr\/wp-json\/wp\/v2\/media?parent=44"}],"wp:term":[{"taxonomy":"product_brand","embeddable":true,"href":"https:\/\/www.ibuyphotos.com\/fr\/wp-json\/wp\/v2\/product_brand?post=44"},{"taxonomy":"product_cat","embeddable":true,"href":"https:\/\/www.ibuyphotos.com\/fr\/wp-json\/wp\/v2\/product_cat?post=44"},{"taxonomy":"product_tag","embeddable":true,"href":"https:\/\/www.ibuyphotos.com\/fr\/wp-json\/wp\/v2\/product_tag?post=44"}],"curies":[{"name":"wp","href":"https:\/\/api.w.org\/{rel}","templated":true}]}}