{"id":3849,"date":"2024-02-19T20:28:35","date_gmt":"2024-02-19T20:28:35","guid":{"rendered":"https:\/\/www.ibuyphotos.com\/?post_type=product&#038;p=3849"},"modified":"2024-02-26T13:43:04","modified_gmt":"2024-02-26T13:43:04","slug":"photo-gaspesie-hdr-001","status":"publish","type":"product","link":"https:\/\/www.ibuyphotos.com\/fr\/art\/photo-gaspesie-hdr-001","title":{"rendered":"Photo: Gaspesie HDR 001"},"content":{"rendered":"<div class=\"the-content\"><p>ville de Perc\u00e9 en Gaspesie depuis l'\u00eele de Bonaventure au Qu\u00e9bec sur photo HDR<\/p>\n<\/div>","protected":false},"excerpt":{"rendered":"<p>ville de Perc\u00e9 en Gaspesie depuis l'\u00eele de Bonaventure au Qu\u00e9bec sur photo HDR<\/p>","protected":false},"featured_media":3884,"template":"","meta":{"_acf_changed":false},"product_brand":[],"product_cat":[60],"product_tag":[396,243,104,339,311,76,497,165,946,947,314,948,109,949,110],"class_list":{"0":"post-3849","1":"product","2":"type-product","3":"status-publish","4":"has-post-thumbnail","6":"product_cat-art","7":"product_tag-bonaventure-island","8":"product_tag-canada","9":"product_tag-clouds","10":"product_tag-fir","11":"product_tag-gaspesie","12":"product_tag-hdr","13":"product_tag-houses","14":"product_tag-island","15":"product_tag-perce","16":"product_tag-perce-rock","17":"product_tag-quebec","18":"product_tag-rocher-perce","19":"product_tag-sky","20":"product_tag-st-laurent","21":"product_tag-trees","23":"first","24":"instock","25":"sold-individually","26":"purchasable","27":"product-type-variable","28":"has-default-attributes"},"acf":[],"_links":{"self":[{"href":"https:\/\/www.ibuyphotos.com\/fr\/wp-json\/wp\/v2\/product\/3849","targetHints":{"allow":["GET"]}}],"collection":[{"href":"https:\/\/www.ibuyphotos.com\/fr\/wp-json\/wp\/v2\/product"}],"about":[{"href":"https:\/\/www.ibuyphotos.com\/fr\/wp-json\/wp\/v2\/types\/product"}],"wp:featuredmedia":[{"embeddable":true,"href":"https:\/\/www.ibuyphotos.com\/fr\/wp-json\/wp\/v2\/media\/3884"}],"wp:attachment":[{"href":"https:\/\/www.ibuyphotos.com\/fr\/wp-json\/wp\/v2\/media?parent=3849"}],"wp:term":[{"taxonomy":"product_brand","embeddable":true,"href":"https:\/\/www.ibuyphotos.com\/fr\/wp-json\/wp\/v2\/product_brand?post=3849"},{"taxonomy":"product_cat","embeddable":true,"href":"https:\/\/www.ibuyphotos.com\/fr\/wp-json\/wp\/v2\/product_cat?post=3849"},{"taxonomy":"product_tag","embeddable":true,"href":"https:\/\/www.ibuyphotos.com\/fr\/wp-json\/wp\/v2\/product_tag?post=3849"}],"curies":[{"name":"wp","href":"https:\/\/api.w.org\/{rel}","templated":true}]}}