{"id":375,"date":"2024-02-19T19:39:02","date_gmt":"2024-02-19T19:39:02","guid":{"rendered":"https:\/\/www.ibuyphotos.com\/?post_type=product&#038;p=375"},"modified":"2024-02-26T12:58:43","modified_gmt":"2024-02-26T12:58:43","slug":"photo-ashes-002","status":"publish","type":"product","link":"https:\/\/www.ibuyphotos.com\/fr\/objets\/photo-cendres-002","title":{"rendered":"Photo: Cendres 002"},"content":{"rendered":"<div class=\"the-content\"><p>mur br\u00fbl\u00e9 avec cendres dans maison abandonn\u00e9e<\/p>\n<\/div>","protected":false},"excerpt":{"rendered":"<p>mur br\u00fbl\u00e9 avec cendres dans maison abandonn\u00e9e<\/p>","protected":false},"featured_media":409,"template":"","meta":{"_acf_changed":false},"product_brand":[],"product_cat":[208],"product_tag":[209,210,211,23,212,79,124,96],"class_list":{"0":"post-375","1":"product","2":"type-product","3":"status-publish","4":"has-post-thumbnail","6":"product_cat-objects","7":"product_tag-ash","8":"product_tag-ashes","9":"product_tag-burnt","10":"product_tag-damaged","11":"product_tag-fire","12":"product_tag-hole","13":"product_tag-wood","14":"product_tag-wooden","16":"first","17":"instock","18":"sold-individually","19":"purchasable","20":"product-type-variable","21":"has-default-attributes"},"acf":[],"_links":{"self":[{"href":"https:\/\/www.ibuyphotos.com\/fr\/wp-json\/wp\/v2\/product\/375","targetHints":{"allow":["GET"]}}],"collection":[{"href":"https:\/\/www.ibuyphotos.com\/fr\/wp-json\/wp\/v2\/product"}],"about":[{"href":"https:\/\/www.ibuyphotos.com\/fr\/wp-json\/wp\/v2\/types\/product"}],"wp:featuredmedia":[{"embeddable":true,"href":"https:\/\/www.ibuyphotos.com\/fr\/wp-json\/wp\/v2\/media\/409"}],"wp:attachment":[{"href":"https:\/\/www.ibuyphotos.com\/fr\/wp-json\/wp\/v2\/media?parent=375"}],"wp:term":[{"taxonomy":"product_brand","embeddable":true,"href":"https:\/\/www.ibuyphotos.com\/fr\/wp-json\/wp\/v2\/product_brand?post=375"},{"taxonomy":"product_cat","embeddable":true,"href":"https:\/\/www.ibuyphotos.com\/fr\/wp-json\/wp\/v2\/product_cat?post=375"},{"taxonomy":"product_tag","embeddable":true,"href":"https:\/\/www.ibuyphotos.com\/fr\/wp-json\/wp\/v2\/product_tag?post=375"}],"curies":[{"name":"wp","href":"https:\/\/api.w.org\/{rel}","templated":true}]}}