{"id":3712,"date":"2024-02-19T20:26:17","date_gmt":"2024-02-19T20:26:17","guid":{"rendered":"https:\/\/www.ibuyphotos.com\/?post_type=product&#038;p=3712"},"modified":"2024-02-26T13:41:25","modified_gmt":"2024-02-26T13:41:25","slug":"photo-flowers-043","status":"publish","type":"product","link":"https:\/\/www.ibuyphotos.com\/fr\/nature\/photo-fleurs-043","title":{"rendered":"Photo: Fleurs 043"},"content":{"rendered":"<div class=\"the-content\"><p>fleurs de S\u00e9ne\u00e7on triangulaire pr\u00e8s d\u2019un ruisseau avec reflets du soleil sur l\u2019eau, S\u00e9ne\u00e7on \u00e0 feuilles en fl\u00e8che (Arrowleaf Groundsel)<\/p>\n<\/div>","protected":false},"excerpt":{"rendered":"<p>fleurs de S\u00e9ne\u00e7on triangulaire pr\u00e8s d\u2019un ruisseau avec reflets du soleil sur l\u2019eau, S\u00e9ne\u00e7on \u00e0 feuilles en fl\u00e8che (Arrowleaf Groundsel)<\/p>","protected":false},"featured_media":3746,"template":"","meta":{"_acf_changed":false},"product_brand":[],"product_cat":[174],"product_tag":[896,897,898,899,345,900,901,723,319,902,223,25,249,903,234,904,905,80,816,906,57,884],"class_list":{"0":"post-3712","1":"product","2":"type-product","3":"status-publish","4":"has-post-thumbnail","6":"product_cat-nature","7":"product_tag-arrowleaf","8":"product_tag-arrowleaf-butterweed","9":"product_tag-arrowleaf-groundsel","10":"product_tag-arrowleaf-ragwort","11":"product_tag-asteraceae","12":"product_tag-bracts","13":"product_tag-butterweed","14":"product_tag-creek","15":"product_tag-flowers","16":"product_tag-groundsel","17":"product_tag-leaves","18":"product_tag-light","19":"product_tag-plants","20":"product_tag-ragwort","21":"product_tag-river","22":"product_tag-senecio","23":"product_tag-senecio-triangularis","24":"product_tag-sparkle","25":"product_tag-sparkles","26":"product_tag-triangularis","27":"product_tag-water","28":"product_tag-wildflowers","30":"first","31":"instock","32":"sold-individually","33":"purchasable","34":"product-type-variable","35":"has-default-attributes"},"acf":[],"_links":{"self":[{"href":"https:\/\/www.ibuyphotos.com\/fr\/wp-json\/wp\/v2\/product\/3712","targetHints":{"allow":["GET"]}}],"collection":[{"href":"https:\/\/www.ibuyphotos.com\/fr\/wp-json\/wp\/v2\/product"}],"about":[{"href":"https:\/\/www.ibuyphotos.com\/fr\/wp-json\/wp\/v2\/types\/product"}],"wp:featuredmedia":[{"embeddable":true,"href":"https:\/\/www.ibuyphotos.com\/fr\/wp-json\/wp\/v2\/media\/3746"}],"wp:attachment":[{"href":"https:\/\/www.ibuyphotos.com\/fr\/wp-json\/wp\/v2\/media?parent=3712"}],"wp:term":[{"taxonomy":"product_brand","embeddable":true,"href":"https:\/\/www.ibuyphotos.com\/fr\/wp-json\/wp\/v2\/product_brand?post=3712"},{"taxonomy":"product_cat","embeddable":true,"href":"https:\/\/www.ibuyphotos.com\/fr\/wp-json\/wp\/v2\/product_cat?post=3712"},{"taxonomy":"product_tag","embeddable":true,"href":"https:\/\/www.ibuyphotos.com\/fr\/wp-json\/wp\/v2\/product_tag?post=3712"}],"curies":[{"name":"wp","href":"https:\/\/api.w.org\/{rel}","templated":true}]}}