{"id":3706,"date":"2024-02-19T20:26:12","date_gmt":"2024-02-19T20:26:12","guid":{"rendered":"https:\/\/www.ibuyphotos.com\/?post_type=product&#038;p=3706"},"modified":"2024-02-26T13:41:20","modified_gmt":"2024-02-26T13:41:20","slug":"photo-flowers-042","status":"publish","type":"product","link":"https:\/\/www.ibuyphotos.com\/fr\/nature\/photo-fleurs-042","title":{"rendered":"Photo: Fleurs 042"},"content":{"rendered":"<div class=\"the-content\"><p>fleur sauvage \u00e9pilobe \u00e0 feuilles-\u00e9troites en Alberta<\/p>\n<\/div>","protected":false},"excerpt":{"rendered":"<p>fleur sauvage \u00e9pilobe \u00e0 feuilles-\u00e9troites en Alberta<\/p>","protected":false},"featured_media":3740,"template":"","meta":{"_acf_changed":false},"product_brand":[],"product_cat":[174],"product_tag":[359,360,350,362,363,223,190,364],"class_list":{"0":"post-3706","1":"product","2":"type-product","3":"status-publish","4":"has-post-thumbnail","6":"product_cat-nature","7":"product_tag-epilobium-angustifolium","8":"product_tag-fireweed","9":"product_tag-flower","10":"product_tag-great-willow-herb","11":"product_tag-herb","12":"product_tag-leaves","13":"product_tag-plant","14":"product_tag-rosebay-willowherb","16":"first","17":"instock","18":"sold-individually","19":"purchasable","20":"product-type-variable","21":"has-default-attributes"},"acf":[],"_links":{"self":[{"href":"https:\/\/www.ibuyphotos.com\/fr\/wp-json\/wp\/v2\/product\/3706","targetHints":{"allow":["GET"]}}],"collection":[{"href":"https:\/\/www.ibuyphotos.com\/fr\/wp-json\/wp\/v2\/product"}],"about":[{"href":"https:\/\/www.ibuyphotos.com\/fr\/wp-json\/wp\/v2\/types\/product"}],"wp:featuredmedia":[{"embeddable":true,"href":"https:\/\/www.ibuyphotos.com\/fr\/wp-json\/wp\/v2\/media\/3740"}],"wp:attachment":[{"href":"https:\/\/www.ibuyphotos.com\/fr\/wp-json\/wp\/v2\/media?parent=3706"}],"wp:term":[{"taxonomy":"product_brand","embeddable":true,"href":"https:\/\/www.ibuyphotos.com\/fr\/wp-json\/wp\/v2\/product_brand?post=3706"},{"taxonomy":"product_cat","embeddable":true,"href":"https:\/\/www.ibuyphotos.com\/fr\/wp-json\/wp\/v2\/product_cat?post=3706"},{"taxonomy":"product_tag","embeddable":true,"href":"https:\/\/www.ibuyphotos.com\/fr\/wp-json\/wp\/v2\/product_tag?post=3706"}],"curies":[{"name":"wp","href":"https:\/\/api.w.org\/{rel}","templated":true}]}}