{"id":3634,"date":"2024-02-19T20:24:59","date_gmt":"2024-02-19T20:24:59","guid":{"rendered":"https:\/\/www.ibuyphotos.com\/?post_type=product&#038;p=3634"},"modified":"2024-02-26T13:40:26","modified_gmt":"2024-02-26T13:40:26","slug":"photo-flowers-030","status":"publish","type":"product","link":"https:\/\/www.ibuyphotos.com\/fr\/nature\/photo-fleurs-030","title":{"rendered":"Photo: Fleurs 030"},"content":{"rendered":"<div class=\"the-content\"><p>fleur aux p\u00e9tales roses, \u00e9chinac\u00e9e<\/p>\n<\/div>","protected":false},"excerpt":{"rendered":"<p>fleur aux p\u00e9tales roses, \u00e9chinac\u00e9e<\/p>","protected":false},"featured_media":3668,"template":"","meta":{"_acf_changed":false},"product_brand":[],"product_cat":[174],"product_tag":[345,346,347,348,350,319,358,257,498],"class_list":{"0":"post-3634","1":"product","2":"type-product","3":"status-publish","4":"has-post-thumbnail","6":"product_cat-nature","7":"product_tag-asteraceae","8":"product_tag-coneflower","9":"product_tag-daisy","10":"product_tag-echinacea","11":"product_tag-flower","12":"product_tag-flowers","13":"product_tag-petals","14":"product_tag-stalk","15":"product_tag-stem","17":"first","18":"instock","19":"sold-individually","20":"purchasable","21":"product-type-variable","22":"has-default-attributes"},"acf":[],"_links":{"self":[{"href":"https:\/\/www.ibuyphotos.com\/fr\/wp-json\/wp\/v2\/product\/3634","targetHints":{"allow":["GET"]}}],"collection":[{"href":"https:\/\/www.ibuyphotos.com\/fr\/wp-json\/wp\/v2\/product"}],"about":[{"href":"https:\/\/www.ibuyphotos.com\/fr\/wp-json\/wp\/v2\/types\/product"}],"wp:featuredmedia":[{"embeddable":true,"href":"https:\/\/www.ibuyphotos.com\/fr\/wp-json\/wp\/v2\/media\/3668"}],"wp:attachment":[{"href":"https:\/\/www.ibuyphotos.com\/fr\/wp-json\/wp\/v2\/media?parent=3634"}],"wp:term":[{"taxonomy":"product_brand","embeddable":true,"href":"https:\/\/www.ibuyphotos.com\/fr\/wp-json\/wp\/v2\/product_brand?post=3634"},{"taxonomy":"product_cat","embeddable":true,"href":"https:\/\/www.ibuyphotos.com\/fr\/wp-json\/wp\/v2\/product_cat?post=3634"},{"taxonomy":"product_tag","embeddable":true,"href":"https:\/\/www.ibuyphotos.com\/fr\/wp-json\/wp\/v2\/product_tag?post=3634"}],"curies":[{"name":"wp","href":"https:\/\/api.w.org\/{rel}","templated":true}]}}