{"id":3502,"date":"2024-02-19T20:22:42","date_gmt":"2024-02-19T20:22:42","guid":{"rendered":"https:\/\/www.ibuyphotos.com\/?post_type=product&#038;p=3502"},"modified":"2024-02-26T13:38:40","modified_gmt":"2024-02-26T13:38:40","slug":"photo-flowers-008","status":"publish","type":"product","link":"https:\/\/www.ibuyphotos.com\/fr\/nature\/photo-fleurs-008","title":{"rendered":"Photo: Fleurs 008"},"content":{"rendered":"<div class=\"the-content\"><p>pissenlit complet \u00e0 c\u00f4t\u00e9 d'un pissenlit souffl\u00e9<\/p>\n<\/div>","protected":false},"excerpt":{"rendered":"<p>pissenlit complet \u00e0 c\u00f4t\u00e9 d'un pissenlit souffl\u00e9<\/p>","protected":false},"featured_media":3536,"template":"","meta":{"_acf_changed":false},"product_brand":[],"product_cat":[174],"product_tag":[715,350,217,845],"class_list":{"0":"post-3502","1":"product","2":"type-product","3":"status-publish","4":"has-post-thumbnail","6":"product_cat-nature","7":"product_tag-dandelion","8":"product_tag-flower","9":"product_tag-grass","10":"product_tag-pissenlit","12":"first","13":"instock","14":"sold-individually","15":"purchasable","16":"product-type-variable","17":"has-default-attributes"},"acf":[],"_links":{"self":[{"href":"https:\/\/www.ibuyphotos.com\/fr\/wp-json\/wp\/v2\/product\/3502","targetHints":{"allow":["GET"]}}],"collection":[{"href":"https:\/\/www.ibuyphotos.com\/fr\/wp-json\/wp\/v2\/product"}],"about":[{"href":"https:\/\/www.ibuyphotos.com\/fr\/wp-json\/wp\/v2\/types\/product"}],"wp:featuredmedia":[{"embeddable":true,"href":"https:\/\/www.ibuyphotos.com\/fr\/wp-json\/wp\/v2\/media\/3536"}],"wp:attachment":[{"href":"https:\/\/www.ibuyphotos.com\/fr\/wp-json\/wp\/v2\/media?parent=3502"}],"wp:term":[{"taxonomy":"product_brand","embeddable":true,"href":"https:\/\/www.ibuyphotos.com\/fr\/wp-json\/wp\/v2\/product_brand?post=3502"},{"taxonomy":"product_cat","embeddable":true,"href":"https:\/\/www.ibuyphotos.com\/fr\/wp-json\/wp\/v2\/product_cat?post=3502"},{"taxonomy":"product_tag","embeddable":true,"href":"https:\/\/www.ibuyphotos.com\/fr\/wp-json\/wp\/v2\/product_tag?post=3502"}],"curies":[{"name":"wp","href":"https:\/\/api.w.org\/{rel}","templated":true}]}}