{"id":3164,"date":"2024-02-19T20:17:22","date_gmt":"2024-02-19T20:17:22","guid":{"rendered":"https:\/\/www.ibuyphotos.com\/?post_type=product&#038;p=3164"},"modified":"2024-02-26T13:34:00","modified_gmt":"2024-02-26T13:34:00","slug":"photo-fern-005","status":"publish","type":"product","link":"https:\/\/www.ibuyphotos.com\/fr\/nature\/photo-fougeres-005","title":{"rendered":"Photo: Foug\u00e8res 005"},"content":{"rendered":"<div class=\"the-content\"><p>feuille de foug\u00e8re \u00e9clair\u00e9e par le soleil<\/p>\n<\/div>","protected":false},"excerpt":{"rendered":"<p>feuille de foug\u00e8re \u00e9clair\u00e9e par le soleil<\/p>","protected":false},"featured_media":3198,"template":"","meta":{"_acf_changed":false},"product_brand":[],"product_cat":[174],"product_tag":[227,40,804,222,223,25,190],"class_list":{"0":"post-3164","1":"product","2":"type-product","3":"status-publish","4":"has-post-thumbnail","6":"product_cat-nature","7":"product_tag-bracken","8":"product_tag-dark","9":"product_tag-fern","10":"product_tag-forest","11":"product_tag-leaves","12":"product_tag-light","13":"product_tag-plant","15":"first","16":"instock","17":"sold-individually","18":"purchasable","19":"product-type-variable","20":"has-default-attributes"},"acf":[],"_links":{"self":[{"href":"https:\/\/www.ibuyphotos.com\/fr\/wp-json\/wp\/v2\/product\/3164","targetHints":{"allow":["GET"]}}],"collection":[{"href":"https:\/\/www.ibuyphotos.com\/fr\/wp-json\/wp\/v2\/product"}],"about":[{"href":"https:\/\/www.ibuyphotos.com\/fr\/wp-json\/wp\/v2\/types\/product"}],"wp:featuredmedia":[{"embeddable":true,"href":"https:\/\/www.ibuyphotos.com\/fr\/wp-json\/wp\/v2\/media\/3198"}],"wp:attachment":[{"href":"https:\/\/www.ibuyphotos.com\/fr\/wp-json\/wp\/v2\/media?parent=3164"}],"wp:term":[{"taxonomy":"product_brand","embeddable":true,"href":"https:\/\/www.ibuyphotos.com\/fr\/wp-json\/wp\/v2\/product_brand?post=3164"},{"taxonomy":"product_cat","embeddable":true,"href":"https:\/\/www.ibuyphotos.com\/fr\/wp-json\/wp\/v2\/product_cat?post=3164"},{"taxonomy":"product_tag","embeddable":true,"href":"https:\/\/www.ibuyphotos.com\/fr\/wp-json\/wp\/v2\/product_tag?post=3164"}],"curies":[{"name":"wp","href":"https:\/\/api.w.org\/{rel}","templated":true}]}}