{"id":3134,"date":"2024-02-19T20:16:48","date_gmt":"2024-02-19T20:16:48","guid":{"rendered":"https:\/\/www.ibuyphotos.com\/?post_type=product&#038;p=3134"},"modified":"2024-02-26T13:33:35","modified_gmt":"2024-02-26T13:33:35","slug":"photo-fence-011","status":"publish","type":"product","link":"https:\/\/www.ibuyphotos.com\/fr\/nature\/photo-cloture-011","title":{"rendered":"Photo: Cl\u00f4ture 011"},"content":{"rendered":"<div class=\"the-content\"><p>enclos dans un pr\u00e9 avec cl\u00f4ture de barbel\u00e9, en Autumne<\/p>\n<\/div>","protected":false},"excerpt":{"rendered":"<p>enclos dans un pr\u00e9 avec cl\u00f4ture de barbel\u00e9, en Autumne<\/p>","protected":false},"featured_media":3168,"template":"","meta":{"_acf_changed":false},"product_brand":[],"product_cat":[174],"product_tag":[216,264,265,266,228,267,118,222,538,280,110,269],"class_list":{"0":"post-3134","1":"product","2":"type-product","3":"status-publish","4":"has-post-thumbnail","6":"product_cat-nature","7":"product_tag-autumn","8":"product_tag-barbed","9":"product_tag-barbed-wire","10":"product_tag-barbwire","11":"product_tag-fall","12":"product_tag-fence","13":"product_tag-field","14":"product_tag-forest","15":"product_tag-meadow","16":"product_tag-pole","17":"product_tag-trees","18":"product_tag-wire","20":"first","21":"instock","22":"sold-individually","23":"purchasable","24":"product-type-variable","25":"has-default-attributes"},"acf":[],"_links":{"self":[{"href":"https:\/\/www.ibuyphotos.com\/fr\/wp-json\/wp\/v2\/product\/3134","targetHints":{"allow":["GET"]}}],"collection":[{"href":"https:\/\/www.ibuyphotos.com\/fr\/wp-json\/wp\/v2\/product"}],"about":[{"href":"https:\/\/www.ibuyphotos.com\/fr\/wp-json\/wp\/v2\/types\/product"}],"wp:featuredmedia":[{"embeddable":true,"href":"https:\/\/www.ibuyphotos.com\/fr\/wp-json\/wp\/v2\/media\/3168"}],"wp:attachment":[{"href":"https:\/\/www.ibuyphotos.com\/fr\/wp-json\/wp\/v2\/media?parent=3134"}],"wp:term":[{"taxonomy":"product_brand","embeddable":true,"href":"https:\/\/www.ibuyphotos.com\/fr\/wp-json\/wp\/v2\/product_brand?post=3134"},{"taxonomy":"product_cat","embeddable":true,"href":"https:\/\/www.ibuyphotos.com\/fr\/wp-json\/wp\/v2\/product_cat?post=3134"},{"taxonomy":"product_tag","embeddable":true,"href":"https:\/\/www.ibuyphotos.com\/fr\/wp-json\/wp\/v2\/product_tag?post=3134"}],"curies":[{"name":"wp","href":"https:\/\/api.w.org\/{rel}","templated":true}]}}