{"id":2975,"date":"2024-02-19T20:14:29","date_gmt":"2024-02-19T20:14:29","guid":{"rendered":"https:\/\/www.ibuyphotos.com\/?post_type=product&#038;p=2975"},"modified":"2024-02-26T13:31:29","modified_gmt":"2024-02-26T13:31:29","slug":"photo-fairy-lights-002","status":"publish","type":"product","link":"https:\/\/www.ibuyphotos.com\/fr\/evenements\/photo-guirlandes-002","title":{"rendered":"Photo: Guirlandes 002"},"content":{"rendered":"<div class=\"the-content\"><p>guirlande \u00e9lectriques blanche avec lumi\u00e8re \u00e9clatante<\/p>\n<\/div>","protected":false},"excerpt":{"rendered":"<p>guirlande \u00e9lectriques blanche avec lumi\u00e8re \u00e9clatante<\/p>","protected":false},"featured_media":3011,"template":"","meta":{"_acf_changed":false},"product_brand":[],"product_cat":[283],"product_tag":[646,784,600,601,647,607,608,785,786],"class_list":{"0":"post-2975","1":"product","2":"type-product","3":"status-publish","4":"has-post-thumbnail","6":"product_cat-events","7":"product_tag-bulbs","8":"product_tag-electric-wires","9":"product_tag-fairy-lights","10":"product_tag-gleam-light","11":"product_tag-glimmer-lights","12":"product_tag-holiday-season","13":"product_tag-lights","14":"product_tag-string","15":"product_tag-wires","17":"first","18":"instock","19":"sold-individually","20":"purchasable","21":"product-type-variable","22":"has-default-attributes"},"acf":[],"_links":{"self":[{"href":"https:\/\/www.ibuyphotos.com\/fr\/wp-json\/wp\/v2\/product\/2975","targetHints":{"allow":["GET"]}}],"collection":[{"href":"https:\/\/www.ibuyphotos.com\/fr\/wp-json\/wp\/v2\/product"}],"about":[{"href":"https:\/\/www.ibuyphotos.com\/fr\/wp-json\/wp\/v2\/types\/product"}],"wp:featuredmedia":[{"embeddable":true,"href":"https:\/\/www.ibuyphotos.com\/fr\/wp-json\/wp\/v2\/media\/3011"}],"wp:attachment":[{"href":"https:\/\/www.ibuyphotos.com\/fr\/wp-json\/wp\/v2\/media?parent=2975"}],"wp:term":[{"taxonomy":"product_brand","embeddable":true,"href":"https:\/\/www.ibuyphotos.com\/fr\/wp-json\/wp\/v2\/product_brand?post=2975"},{"taxonomy":"product_cat","embeddable":true,"href":"https:\/\/www.ibuyphotos.com\/fr\/wp-json\/wp\/v2\/product_cat?post=2975"},{"taxonomy":"product_tag","embeddable":true,"href":"https:\/\/www.ibuyphotos.com\/fr\/wp-json\/wp\/v2\/product_tag?post=2975"}],"curies":[{"name":"wp","href":"https:\/\/api.w.org\/{rel}","templated":true}]}}