{"id":2952,"date":"2024-02-19T20:14:10","date_gmt":"2024-02-19T20:14:10","guid":{"rendered":"https:\/\/www.ibuyphotos.com\/?post_type=product&#038;p=2952"},"modified":"2024-07-22T21:15:12","modified_gmt":"2024-07-22T21:15:12","slug":"photo-exit-sign-002","status":"publish","type":"product","link":"https:\/\/www.ibuyphotos.com\/fr\/objets\/photo-panneau-sortie-002","title":{"rendered":"Photo: Panneau Sortie 002"},"content":{"rendered":"<div class=\"the-content\"><p>panneau de sortie sur le sol dans b\u00e2timent abandonn\u00e9 avec d\u00e9bris<\/p>\n<\/div>","protected":false},"excerpt":{"rendered":"<p>panneau de sortie sur le sol dans b\u00e2timent abandonn\u00e9 avec d\u00e9bris<\/p>","protected":false},"featured_media":2987,"template":"","meta":{"_acf_changed":false},"product_brand":[],"product_cat":[208],"product_tag":[18,139,145,778,48,35,37,59,67,780,781],"class_list":{"0":"post-2952","1":"product","2":"type-product","3":"status-publish","4":"has-post-thumbnail","6":"product_cat-objects","7":"product_tag-abandoned","8":"product_tag-bars","9":"product_tag-dirty","10":"product_tag-exit","11":"product_tag-floor","12":"product_tag-fragments","13":"product_tag-metal","14":"product_tag-room","15":"product_tag-rust","16":"product_tag-sign","17":"product_tag-sortie","19":"first","20":"instock","21":"sold-individually","22":"purchasable","23":"product-type-variable","24":"has-default-attributes"},"acf":[],"_links":{"self":[{"href":"https:\/\/www.ibuyphotos.com\/fr\/wp-json\/wp\/v2\/product\/2952","targetHints":{"allow":["GET"]}}],"collection":[{"href":"https:\/\/www.ibuyphotos.com\/fr\/wp-json\/wp\/v2\/product"}],"about":[{"href":"https:\/\/www.ibuyphotos.com\/fr\/wp-json\/wp\/v2\/types\/product"}],"wp:featuredmedia":[{"embeddable":true,"href":"https:\/\/www.ibuyphotos.com\/fr\/wp-json\/wp\/v2\/media\/2987"}],"wp:attachment":[{"href":"https:\/\/www.ibuyphotos.com\/fr\/wp-json\/wp\/v2\/media?parent=2952"}],"wp:term":[{"taxonomy":"product_brand","embeddable":true,"href":"https:\/\/www.ibuyphotos.com\/fr\/wp-json\/wp\/v2\/product_brand?post=2952"},{"taxonomy":"product_cat","embeddable":true,"href":"https:\/\/www.ibuyphotos.com\/fr\/wp-json\/wp\/v2\/product_cat?post=2952"},{"taxonomy":"product_tag","embeddable":true,"href":"https:\/\/www.ibuyphotos.com\/fr\/wp-json\/wp\/v2\/product_tag?post=2952"}],"curies":[{"name":"wp","href":"https:\/\/api.w.org\/{rel}","templated":true}]}}