{"id":2674,"date":"2024-02-19T20:10:08","date_gmt":"2024-02-19T20:10:08","guid":{"rendered":"https:\/\/www.ibuyphotos.com\/?post_type=product&#038;p=2674"},"modified":"2024-02-26T13:27:40","modified_gmt":"2024-02-26T13:27:40","slug":"photo-desk-002","status":"publish","type":"product","link":"https:\/\/www.ibuyphotos.com\/fr\/objets\/photo-meuble-bureau-002","title":{"rendered":"Photo: Meuble Bureau 002"},"content":{"rendered":"<div class=\"the-content\"><p>machine \u00e0 \u00e9crire sur un bureau dans lieu abandonn\u00e9<\/p>\n<\/div>","protected":false},"excerpt":{"rendered":"<p>machine \u00e0 \u00e9crire sur un bureau dans lieu abandonn\u00e9<\/p>","protected":false},"featured_media":2708,"template":"","meta":{"_acf_changed":false},"product_brand":[],"product_cat":[208],"product_tag":[18,44,152,736,155,27,737],"class_list":{"0":"post-2674","1":"product","2":"type-product","3":"status-publish","4":"has-post-thumbnail","6":"product_cat-objects","7":"product_tag-abandoned","8":"product_tag-chair","9":"product_tag-desk","10":"product_tag-drawer","11":"product_tag-office","12":"product_tag-ruins","13":"product_tag-typewriter","15":"first","16":"instock","17":"sold-individually","18":"purchasable","19":"product-type-variable","20":"has-default-attributes"},"acf":[],"_links":{"self":[{"href":"https:\/\/www.ibuyphotos.com\/fr\/wp-json\/wp\/v2\/product\/2674","targetHints":{"allow":["GET"]}}],"collection":[{"href":"https:\/\/www.ibuyphotos.com\/fr\/wp-json\/wp\/v2\/product"}],"about":[{"href":"https:\/\/www.ibuyphotos.com\/fr\/wp-json\/wp\/v2\/types\/product"}],"wp:featuredmedia":[{"embeddable":true,"href":"https:\/\/www.ibuyphotos.com\/fr\/wp-json\/wp\/v2\/media\/2708"}],"wp:attachment":[{"href":"https:\/\/www.ibuyphotos.com\/fr\/wp-json\/wp\/v2\/media?parent=2674"}],"wp:term":[{"taxonomy":"product_brand","embeddable":true,"href":"https:\/\/www.ibuyphotos.com\/fr\/wp-json\/wp\/v2\/product_brand?post=2674"},{"taxonomy":"product_cat","embeddable":true,"href":"https:\/\/www.ibuyphotos.com\/fr\/wp-json\/wp\/v2\/product_cat?post=2674"},{"taxonomy":"product_tag","embeddable":true,"href":"https:\/\/www.ibuyphotos.com\/fr\/wp-json\/wp\/v2\/product_tag?post=2674"}],"curies":[{"name":"wp","href":"https:\/\/api.w.org\/{rel}","templated":true}]}}