{"id":2614,"date":"2024-02-19T20:09:19","date_gmt":"2024-02-19T20:09:19","guid":{"rendered":"https:\/\/www.ibuyphotos.com\/?post_type=product&#038;p=2614"},"modified":"2024-07-22T21:24:02","modified_gmt":"2024-07-22T21:24:02","slug":"photo-derelict-building-interior-009","status":"publish","type":"product","link":"https:\/\/www.ibuyphotos.com\/fr\/urbain\/photo-interieur-batiment-delabre-009","title":{"rendered":"Photo: Int\u00e9rieur B\u00e2timent D\u00e9labr\u00e9 009"},"content":{"rendered":"<div class=\"the-content\"><p>b\u00e2timent d\u00e9labr\u00e9 avec graffiti, porte et piliers qui s'\u00e9croulent<\/p>\n<\/div>","protected":false},"excerpt":{"rendered":"<p>b\u00e2timent d\u00e9labr\u00e9 avec graffiti, porte et piliers qui s'\u00e9croulent<\/p>","protected":false},"featured_media":2648,"template":"","meta":{"_acf_changed":false},"product_brand":[],"product_cat":[17],"product_tag":[18,21,619,23,33,34,24,87,74,48,35,31,88,89,25,26,27,91,81],"class_list":{"0":"post-2614","1":"product","2":"type-product","3":"status-publish","4":"has-post-thumbnail","6":"product_cat-urban","7":"product_tag-abandoned","8":"product_tag-building","9":"product_tag-concrete","10":"product_tag-damaged","11":"product_tag-demolished","12":"product_tag-derelict","13":"product_tag-dilapidated","14":"product_tag-door","15":"product_tag-doorway","16":"product_tag-floor","17":"product_tag-fragments","18":"product_tag-graffiti","19":"product_tag-graffitis","20":"product_tag-interior","21":"product_tag-light","22":"product_tag-pillars","23":"product_tag-ruins","24":"product_tag-spray-paintings","25":"product_tag-walls","27":"first","28":"instock","29":"sold-individually","30":"purchasable","31":"product-type-variable","32":"has-default-attributes"},"acf":[],"_links":{"self":[{"href":"https:\/\/www.ibuyphotos.com\/fr\/wp-json\/wp\/v2\/product\/2614","targetHints":{"allow":["GET"]}}],"collection":[{"href":"https:\/\/www.ibuyphotos.com\/fr\/wp-json\/wp\/v2\/product"}],"about":[{"href":"https:\/\/www.ibuyphotos.com\/fr\/wp-json\/wp\/v2\/types\/product"}],"wp:featuredmedia":[{"embeddable":true,"href":"https:\/\/www.ibuyphotos.com\/fr\/wp-json\/wp\/v2\/media\/2648"}],"wp:attachment":[{"href":"https:\/\/www.ibuyphotos.com\/fr\/wp-json\/wp\/v2\/media?parent=2614"}],"wp:term":[{"taxonomy":"product_brand","embeddable":true,"href":"https:\/\/www.ibuyphotos.com\/fr\/wp-json\/wp\/v2\/product_brand?post=2614"},{"taxonomy":"product_cat","embeddable":true,"href":"https:\/\/www.ibuyphotos.com\/fr\/wp-json\/wp\/v2\/product_cat?post=2614"},{"taxonomy":"product_tag","embeddable":true,"href":"https:\/\/www.ibuyphotos.com\/fr\/wp-json\/wp\/v2\/product_tag?post=2614"}],"curies":[{"name":"wp","href":"https:\/\/api.w.org\/{rel}","templated":true}]}}