{"id":2602,"date":"2024-02-19T20:09:11","date_gmt":"2024-02-19T20:09:11","guid":{"rendered":"https:\/\/www.ibuyphotos.com\/?post_type=product&#038;p=2602"},"modified":"2024-07-22T21:24:13","modified_gmt":"2024-07-22T21:24:13","slug":"photo-derelict-building-interior-007","status":"publish","type":"product","link":"https:\/\/www.ibuyphotos.com\/fr\/urbain\/photo-interieur-batiment-delabre-007","title":{"rendered":"Photo: Int\u00e9rieur B\u00e2timent D\u00e9labr\u00e9 007"},"content":{"rendered":"<div class=\"the-content\"><p>graffiti sur planches dans b\u00e2timent d\u00e9labr\u00e9 et int\u00e9rieur n\u00e9glig\u00e9<\/p>\n<\/div>","protected":false},"excerpt":{"rendered":"<p>graffiti sur planches dans b\u00e2timent d\u00e9labr\u00e9 et int\u00e9rieur n\u00e9glig\u00e9<\/p>","protected":false},"featured_media":2636,"template":"","meta":{"_acf_changed":false},"product_brand":[],"product_cat":[17],"product_tag":[18,21,40,34,24,62,31,88,105,89,112,71,91,124],"class_list":{"0":"post-2602","1":"product","2":"type-product","3":"status-publish","4":"has-post-thumbnail","6":"product_cat-urban","7":"product_tag-abandoned","8":"product_tag-building","9":"product_tag-dark","10":"product_tag-derelict","11":"product_tag-dilapidated","12":"product_tag-factory","13":"product_tag-graffiti","14":"product_tag-graffitis","15":"product_tag-house","16":"product_tag-interior","17":"product_tag-plank","18":"product_tag-planks","19":"product_tag-spray-paintings","20":"product_tag-wood","22":"first","23":"instock","24":"sold-individually","25":"purchasable","26":"product-type-variable","27":"has-default-attributes"},"acf":[],"_links":{"self":[{"href":"https:\/\/www.ibuyphotos.com\/fr\/wp-json\/wp\/v2\/product\/2602","targetHints":{"allow":["GET"]}}],"collection":[{"href":"https:\/\/www.ibuyphotos.com\/fr\/wp-json\/wp\/v2\/product"}],"about":[{"href":"https:\/\/www.ibuyphotos.com\/fr\/wp-json\/wp\/v2\/types\/product"}],"wp:featuredmedia":[{"embeddable":true,"href":"https:\/\/www.ibuyphotos.com\/fr\/wp-json\/wp\/v2\/media\/2636"}],"wp:attachment":[{"href":"https:\/\/www.ibuyphotos.com\/fr\/wp-json\/wp\/v2\/media?parent=2602"}],"wp:term":[{"taxonomy":"product_brand","embeddable":true,"href":"https:\/\/www.ibuyphotos.com\/fr\/wp-json\/wp\/v2\/product_brand?post=2602"},{"taxonomy":"product_cat","embeddable":true,"href":"https:\/\/www.ibuyphotos.com\/fr\/wp-json\/wp\/v2\/product_cat?post=2602"},{"taxonomy":"product_tag","embeddable":true,"href":"https:\/\/www.ibuyphotos.com\/fr\/wp-json\/wp\/v2\/product_tag?post=2602"}],"curies":[{"name":"wp","href":"https:\/\/api.w.org\/{rel}","templated":true}]}}